{"id":1048862,"date":"2025-07-07T14:50:48","date_gmt":"2025-07-07T12:50:11","guid":{"rendered":"https:\/\/judosindelfingen.de\/?page_id=1048862"},"modified":"2025-07-07T16:31:17","modified_gmt":"2025-07-07T14:31:17","slug":"benutzer-registrierung","status":"publish","type":"page","link":"https:\/\/judosindelfingen.de\/en\/itg\/benutzer-registrierung\/","title":{"rendered":"Benutzer-Registrierung"},"content":{"rendered":"<div data-elementor-type=\"wp-page\" data-elementor-id=\"1048862\" class=\"elementor elementor-1048862\" data-elementor-post-type=\"page\">\n\t\t\t\t\t\t<section class=\"elementor-section elementor-top-section elementor-element elementor-element-245171a elementor-section-height-min-height elementor-section-boxed elementor-section-height-default elementor-section-items-middle\" data-id=\"245171a\" data-element_type=\"section\" data-e-type=\"section\" data-settings=\"{&quot;background_background&quot;:&quot;classic&quot;,&quot;ekit_has_onepagescroll_dot&quot;:&quot;yes&quot;}\">\n\t\t\t\t\t\t\t<div class=\"elementor-background-overlay\"><\/div>\n\t\t\t\t\t\t\t<div class=\"elementor-container elementor-column-gap-default\">\n\t\t\t\t\t<div class=\"elementor-column elementor-col-100 elementor-top-column elementor-element elementor-element-a6e0143\" data-id=\"a6e0143\" data-element_type=\"column\" data-e-type=\"column\">\n\t\t\t<div class=\"elementor-widget-wrap elementor-element-populated\">\n\t\t\t\t\t\t<div class=\"elementor-element elementor-element-79f5bff elementor-widget elementor-widget-heading\" data-id=\"79f5bff\" data-element_type=\"widget\" data-e-type=\"widget\" data-settings=\"{&quot;ekit_we_effect_on&quot;:&quot;none&quot;}\" data-widget_type=\"heading.default\">\n\t\t\t\t<div class=\"elementor-widget-container\">\n\t\t\t\t\t<h1 class=\"elementor-heading-title elementor-size-default\">Registrieren<\/h1>\t\t\t\t<\/div>\n\t\t\t\t<\/div>\n\t\t\t\t\t<\/div>\n\t\t<\/div>\n\t\t\t\t\t<\/div>\n\t\t<\/section>\n\t\t<div class=\"elementor-element elementor-element-c4f4115 e-grid e-con-boxed e-con e-parent\" data-id=\"c4f4115\" data-element_type=\"container\" data-e-type=\"container\" data-settings=\"{&quot;ekit_has_onepagescroll_dot&quot;:&quot;yes&quot;}\">\n\t\t\t\t\t<div class=\"e-con-inner\">\n\t\t\t\t<div class=\"elementor-element elementor-element-2770613 elementor-widget elementor-widget-text-editor\" data-id=\"2770613\" data-element_type=\"widget\" data-e-type=\"widget\" data-settings=\"{&quot;ekit_we_effect_on&quot;:&quot;none&quot;}\" data-widget_type=\"text-editor.default\">\n\t\t\t\t<div class=\"elementor-widget-container\">\n\t\t\t\t\t\t\t\t\t<p>\n<div class=\"um um-register um-1048857\">\n\t<div class=\"um-form\" data-mode=\"register\">\n\t\t<form method=\"post\" action=\"\" data-trp-original-action=\"\">\n\t\t\t<div class=\"um-row _um_row_1\" style=\"margin: 0 0 30px 0;\"><div class=\"um-col-121\"><div  id=\"um_field_1048857_user_login\" class=\"um-field um-field-text  um-field-user_login um-field-text um-field-type_text\" data-key=\"user_login\"><div class=\"um-field-label\"><label for=\"user_login-1048857\">Benutzername<span class=\"um-req\" title=\"Required\">*<\/span><\/label><div class=\"um-clear\"><\/div><\/div><div class=\"um-field-area\"><input  autocomplete=\"off\" class=\"um-form-field valid\" type=\"text\" name=\"user_login-1048857\" id=\"user_login-1048857\" value=\"\" placeholder=\"\" data-validate=\"unique_username\" data-key=\"user_login\"  aria-invalid=\"false\" \/>\n\n\t\t\t\t\t\t<\/div><\/div><div  id=\"um_field_1048857_user_email\" class=\"um-field um-field-text  um-field-user_email um-field-text um-field-type_text\" data-key=\"user_email\"><div class=\"um-field-label\"><label for=\"user_email-1048857\">E-Mail-Adresse<\/label><div class=\"um-clear\"><\/div><\/div><div class=\"um-field-area\"><input  autocomplete=\"off\" class=\"um-form-field valid\" type=\"text\" name=\"user_email-1048857\" id=\"user_email-1048857\" value=\"\" placeholder=\"\" data-validate=\"unique_email\" data-key=\"user_email\"  aria-invalid=\"false\" \/>\n\n\t\t\t\t\t\t<\/div><\/div><div  id=\"um_field_1048857_user_password\" class=\"um-field um-field-password  um-field-user_password um-field-password um-field-type_password\" data-key=\"user_password\"><div class=\"um-field-label\"><label for=\"user_password-1048857\">Passwort<span class=\"um-req\" title=\"Required\">*<\/span><\/label><div class=\"um-clear\"><\/div><\/div><div class=\"um-field-area\"><input class=\"um-form-field valid\" type=\"password\" name=\"user_password-1048857\" id=\"user_password-1048857\" value=\"\" placeholder=\"\" data-validate=\"\" data-key=\"user_password\"  aria-invalid=\"false\" \/>\n\n\t\t\t\t\t\t\t<\/div><\/div><div  id=\"um_field_1048857_confirm_user_password\" class=\"um-field um-field-password  um-field-user_password um-field-password um-field-type_password\" data-key=\"confirm_user_password\"><div class=\"um-field-label\"><label for=\"confirm_user_password-1048857\">Confirm Passwort<span class=\"um-req\" title=\"Required\">*<\/span><\/label><div class=\"um-clear\"><\/div><\/div><div class=\"um-field-area\"><input class=\"um-form-field valid\" type=\"password\" name=\"confirm_user_password-1048857\" id=\"confirm_user_password-1048857\" value=\"\" placeholder=\"Confirm Passwort\" data-validate=\"\" data-key=\"confirm_user_password\"  aria-invalid=\"false\" \/><\/div><\/div><\/div><div class=\"um-col-122\"><\/div><div class=\"um-clear\"><\/div><\/div><div class=\"um-row _um_row_2\" style=\"margin: 0 0 30px 0;\"><div class=\"um-col-1\"><div  id=\"um_field_1048857_Vereinsname\" class=\"um-field um-field-text  um-field-Vereinsname um-field-text um-field-type_text\" data-key=\"Vereinsname\"><div class=\"um-field-label\"><div class=\"um-field-label-icon\"><i class=\"fas fa-user-ninja\" aria-label=\"Vereinsname\/ Judo Club Name\"><\/i><\/div><label for=\"Vereinsname-1048857\">Vereinsname\/ Judo Club Name<span class=\"um-req\" title=\"Required\">*<\/span><\/label><div class=\"um-clear\"><\/div><\/div><div class=\"um-field-area\"><input  autocomplete=\"off\" class=\"um-form-field valid\" type=\"text\" name=\"Vereinsname-1048857\" id=\"Vereinsname-1048857\" value=\"\" placeholder=\"z. B. VfL Sindelfingen\" data-validate=\"\" data-key=\"Vereinsname\"  aria-invalid=\"false\" \/>\n\n\t\t\t\t\t\t<\/div><\/div><div  id=\"um_field_1048857_user_email_8\" class=\"um-field um-field-text  um-field-user_email_8 um-field-text um-field-type_text\" data-key=\"user_email_8\"><div class=\"um-field-label\"><div class=\"um-field-label-icon\"><i class=\"fas fa-envelope\" aria-label=\"E-Mail-Adresse des Ansprechpartners\/ Email address of the contact person\"><\/i><\/div><label for=\"user_email_8-1048857\">E-Mail-Adresse des Ansprechpartners\/ Email address of the contact person<span class=\"um-req\" title=\"Required\">*<\/span><\/label><div class=\"um-clear\"><\/div><\/div><div class=\"um-field-area\"><input  autocomplete=\"off\" class=\"um-form-field valid\" type=\"text\" name=\"user_email_8-1048857\" id=\"user_email_8-1048857\" value=\"\" placeholder=\"z. B. info@judosindelfingen.de\" data-validate=\"unique_email\" data-key=\"user_email_8\"  aria-invalid=\"false\" \/>\n\n\t\t\t\t\t\t<\/div><\/div><div  id=\"um_field_1048857_mobile_number\" class=\"um-field um-field-tel  um-field-mobile_number um-field-tel um-field-type_tel\" data-key=\"mobile_number\"><div class=\"um-field-label\"><div class=\"um-field-label-icon\"><i class=\"fas fa-mobile-screen\" aria-label=\"Telefonnummer des Ansprechpartners\/ Phone number of the contact person\"><\/i><\/div><label for=\"mobile_number-1048857\">Telefonnummer des Ansprechpartners\/ Phone number of the contact person<span class=\"um-req\" title=\"Required\">*<\/span><\/label><div class=\"um-clear\"><\/div><\/div><div class=\"um-field-area\"><input  autocomplete=\"off\" class=\"um-form-field valid\" type=\"tel\" name=\"mobile_number-1048857\" id=\"mobile_number-1048857\" value=\"\" placeholder=\"z.\u00a0B.: +49 177\/69 45 083\" data-validate=\"phone_number\" data-key=\"mobile_number\"  aria-invalid=\"false\" \/>\n\n\t\t\t\t\t\t<\/div><\/div><div  id=\"um_field_1048857_country\" class=\"um-field um-field-select  um-field-country um-field-select um-field-type_select\" data-key=\"country\"><div class=\"um-field-label\"><div class=\"um-field-label-icon\"><i class=\"fas fa-globe\" aria-label=\"Land\/ Country\"><\/i><\/div><label for=\"country-1048857\">Land\/ Country<span class=\"um-req\" title=\"Required\">*<\/span><\/label><div class=\"um-clear\"><\/div><\/div><div class=\"um-field-area\"><select data-default=\"\"     name=\"country\" id=\"country\" data-validate=\"\" data-key=\"country\" class=\"um-form-field valid um-s1\" style=\"width: 100%\" data-placeholder=\"W\u00e4hle ein Land\"   aria-invalid=\"false\" ><option value=\"\"><\/option><option value=\"Afghanistan\" >Afghanistan<\/option><option value=\"\u00c5land\" >\u00c5land<\/option><option value=\"Albanien\" >Albanien<\/option><option value=\"Algerien\" >Algerien<\/option><option value=\"Amerikanisch-Samoa\" >Amerikanisch-Samoa<\/option><option value=\"Andorra\" >Andorra<\/option><option value=\"Angola\" >Angola<\/option><option value=\"Anguilla\" >Anguilla<\/option><option value=\"Antarktika\" >Antarktika<\/option><option value=\"Antigua und Barbuda\" >Antigua und Barbuda<\/option><option value=\"Argentinien\" >Argentinien<\/option><option value=\"Armenien\" >Armenien<\/option><option value=\"Aruba\" >Aruba<\/option><option value=\"Australien\" >Australien<\/option><option value=\"\u00d6sterreich\" >\u00d6sterreich<\/option><option value=\"Aserbaidschan\" >Aserbaidschan<\/option><option value=\"Bahamas\" >Bahamas<\/option><option value=\"Bahrain\" >Bahrain<\/option><option value=\"Bangladesch\" >Bangladesch<\/option><option value=\"Barbados\" >Barbados<\/option><option value=\"Wei\u00dfrussland\" >Wei\u00dfrussland<\/option><option value=\"Belgien\" >Belgien<\/option><option value=\"Belize\" >Belize<\/option><option value=\"Benin\" >Benin<\/option><option value=\"Bermuda\" >Bermuda<\/option><option value=\"Bhutan\" >Bhutan<\/option><option value=\"Bolivien\" >Bolivien<\/option><option value=\"Bosnien und Herzegowina\" >Bosnien und Herzegowina<\/option><option value=\"Botswana\" >Botswana<\/option><option value=\"Bouvetinsel\" >Bouvetinsel<\/option><option value=\"Brasilien\" >Brasilien<\/option><option value=\"Britisches Territorium im Indischen Ozean\" >Britisches Territorium im Indischen Ozean<\/option><option value=\"Brunei\" >Brunei<\/option><option value=\"Bulgarien\" >Bulgarien<\/option><option value=\"Burkina Faso\" >Burkina Faso<\/option><option value=\"Burundi\" >Burundi<\/option><option value=\"Kambodscha\" >Kambodscha<\/option><option value=\"Kamerun\" >Kamerun<\/option><option value=\"Kanada\" >Kanada<\/option><option value=\"Kap Verde\" >Kap Verde<\/option><option value=\"Kaimaninseln\" >Kaimaninseln<\/option><option value=\"Zentralafrikanische Republik\" >Zentralafrikanische Republik<\/option><option value=\"Tschad\" >Tschad<\/option><option value=\"Chile\" >Chile<\/option><option value=\"China\" >China<\/option><option value=\"Weihnachtsinsel\" >Weihnachtsinsel<\/option><option value=\"Kokosinseln (Keelinginseln)\" >Kokosinseln (Keelinginseln)<\/option><option value=\"Kolumbien\" >Kolumbien<\/option><option value=\"Komoren\" >Komoren<\/option><option value=\"Kongo\" >Kongo<\/option><option value=\"Kongo\" >Kongo<\/option><option value=\"Cookinseln\" >Cookinseln<\/option><option value=\"Costa Rica\" >Costa Rica<\/option><option value=\"Elfenbeink\u00fcste\" >Elfenbeink\u00fcste<\/option><option value=\"Kroatien\" >Kroatien<\/option><option value=\"Kuba\" >Kuba<\/option><option value=\"Zypern\" >Zypern<\/option><option value=\"Tschechien\" >Tschechien<\/option><option value=\"D\u00e4nemark\" >D\u00e4nemark<\/option><option value=\"Dschibuti\" >Dschibuti<\/option><option value=\"Dominica\" >Dominica<\/option><option value=\"Dominikanische Republik\" >Dominikanische Republik<\/option><option value=\"Ecuador\" >Ecuador<\/option><option value=\"\u00c4gypten\" >\u00c4gypten<\/option><option value=\"El Salvador\" >El Salvador<\/option><option value=\"\u00c4quatorialguinea\" >\u00c4quatorialguinea<\/option><option value=\"Eritrea\" >Eritrea<\/option><option value=\"Estland\" >Estland<\/option><option value=\"\u00c4thiopien\" >\u00c4thiopien<\/option><option value=\"Falklandinseln\" >Falklandinseln<\/option><option value=\"F\u00e4r\u00f6er\" >F\u00e4r\u00f6er<\/option><option value=\"Fidschi\" >Fidschi<\/option><option value=\"Finnland\" >Finnland<\/option><option value=\"Frankreich\" >Frankreich<\/option><option value=\"Franz\u00f6sisch-Guayana\" >Franz\u00f6sisch-Guayana<\/option><option value=\"Franz\u00f6sisch-Polynesien\" >Franz\u00f6sisch-Polynesien<\/option><option value=\"Franz\u00f6sische S\u00fcd- und Antarktisgebiete\" >Franz\u00f6sische S\u00fcd- und Antarktisgebiete<\/option><option value=\"Gabun\" >Gabun<\/option><option value=\"Gambia\" >Gambia<\/option><option value=\"Sakartwelo\" >Sakartwelo<\/option><option value=\"Deutschland\" >Deutschland<\/option><option value=\"Ghana\" >Ghana<\/option><option value=\"Gibraltar\" >Gibraltar<\/option><option value=\"Griechenland\" >Griechenland<\/option><option value=\"Gr\u00f6nland\" >Gr\u00f6nland<\/option><option value=\"Grenada\" >Grenada<\/option><option value=\"Guadeloupe\" >Guadeloupe<\/option><option value=\"Guam\" >Guam<\/option><option value=\"Guatemala\" >Guatemala<\/option><option value=\"Guernsey\" >Guernsey<\/option><option value=\"Guinea\" >Guinea<\/option><option value=\"Guinea-Bissau\" >Guinea-Bissau<\/option><option value=\"Guyana\" >Guyana<\/option><option value=\"Haiti\" >Haiti<\/option><option value=\"Heard und McDonaldinseln\" >Heard und McDonaldinseln<\/option><option value=\"Heiliger Stuhl (Staat Vatikanstadt)\" >Heiliger Stuhl (Staat Vatikanstadt)<\/option><option value=\"Honduras\" >Honduras<\/option><option value=\"Hongkong\" >Hongkong<\/option><option value=\"Ungarn\" >Ungarn<\/option><option value=\"Island\" >Island<\/option><option value=\"Indien\" >Indien<\/option><option value=\"Indonesien\" >Indonesien<\/option><option value=\"Iran\" >Iran<\/option><option value=\"Irak\" >Irak<\/option><option value=\"Irland\" >Irland<\/option><option value=\"Isle of Man\" >Isle of Man<\/option><option value=\"Israel\" >Israel<\/option><option value=\"Italien\" >Italien<\/option><option value=\"Jamaika\" >Jamaika<\/option><option value=\"Japan\" >Japan<\/option><option value=\"Jersey\" >Jersey<\/option><option value=\"Jordanien\" >Jordanien<\/option><option value=\"Kasachstan\" >Kasachstan<\/option><option value=\"Kenia\" >Kenia<\/option><option value=\"Kiribati\" >Kiribati<\/option><option value=\"Nordkorea\" >Nordkorea<\/option><option value=\"S\u00fcdkorea\" >S\u00fcdkorea<\/option><option value=\"Kuwait\" >Kuwait<\/option><option value=\"Kirgisistan\" >Kirgisistan<\/option><option value=\"Laos\" >Laos<\/option><option value=\"Lettland\" >Lettland<\/option><option value=\"Libanon\" >Libanon<\/option><option value=\"Lesotho\" >Lesotho<\/option><option value=\"Liberia\" >Liberia<\/option><option value=\"Libyen\" >Libyen<\/option><option value=\"Liechtenstein\" >Liechtenstein<\/option><option value=\"Litauen\" >Litauen<\/option><option value=\"Luxemburg\" >Luxemburg<\/option><option value=\"Macau\" >Macau<\/option><option value=\"North Macedonia\" >North Macedonia<\/option><option value=\"Madagaskar\" >Madagaskar<\/option><option value=\"Malawi\" >Malawi<\/option><option value=\"Malaysia\" >Malaysia<\/option><option value=\"Malediven\" >Malediven<\/option><option value=\"Mali\" >Mali<\/option><option value=\"Malta\" >Malta<\/option><option value=\"Marshallinseln\" >Marshallinseln<\/option><option value=\"Martinique\" >Martinique<\/option><option value=\"Mauretanien\" >Mauretanien<\/option><option value=\"Mauritius\" >Mauritius<\/option><option value=\"Mayotte\" >Mayotte<\/option><option value=\"Mexiko\" >Mexiko<\/option><option value=\"Mikronesien, F\u00f6derierte Staaten von\" >Mikronesien, F\u00f6derierte Staaten von<\/option><option value=\"Moldawien\" >Moldawien<\/option><option value=\"Monaco\" >Monaco<\/option><option value=\"Mongolei\" >Mongolei<\/option><option value=\"Montenegro\" >Montenegro<\/option><option value=\"Montserrat\" >Montserrat<\/option><option value=\"Marokko\" >Marokko<\/option><option value=\"Mosambik\" >Mosambik<\/option><option value=\"Myanmar\" >Myanmar<\/option><option value=\"Namibia\" >Namibia<\/option><option value=\"Nauru\" >Nauru<\/option><option value=\"Nepal\" >Nepal<\/option><option value=\"Niederlande\" >Niederlande<\/option><option value=\"Niederl\u00e4ndische Antillen\" >Niederl\u00e4ndische Antillen<\/option><option value=\"Neukaledonien\" >Neukaledonien<\/option><option value=\"Neuseeland\" >Neuseeland<\/option><option value=\"Nicaragua\" >Nicaragua<\/option><option value=\"Niger\" >Niger<\/option><option value=\"Nigeria\" >Nigeria<\/option><option value=\"Niue\" >Niue<\/option><option value=\"Norfolkinsel\" >Norfolkinsel<\/option><option value=\"N\u00f6rdliche Marianen\" >N\u00f6rdliche Marianen<\/option><option value=\"Norwegen\" >Norwegen<\/option><option value=\"Oman\" >Oman<\/option><option value=\"Pakistan\" >Pakistan<\/option><option value=\"Palau\" >Palau<\/option><option value=\"Pal\u00e4stina\" >Pal\u00e4stina<\/option><option value=\"Panama\" >Panama<\/option><option value=\"Papua-Neuguinea\" >Papua-Neuguinea<\/option><option value=\"Paraguay\" >Paraguay<\/option><option value=\"Peru\" >Peru<\/option><option value=\"Philippinen\" >Philippinen<\/option><option value=\"Pitcairninseln\" >Pitcairninseln<\/option><option value=\"Polen\" >Polen<\/option><option value=\"Portugal\" >Portugal<\/option><option value=\"Puerto Rico\" >Puerto Rico<\/option><option value=\"Katar\" >Katar<\/option><option value=\"R\u00e9union\" >R\u00e9union<\/option><option value=\"Rum\u00e4nien\" >Rum\u00e4nien<\/option><option value=\"Russland\" >Russland<\/option><option value=\"Ruanda\" >Ruanda<\/option><option value=\"Saint-Barth\u00e9lemy\" >Saint-Barth\u00e9lemy<\/option><option value=\"St. Helena\" >St. Helena<\/option><option value=\"St. Kitts und Nevis\" >St. Kitts und Nevis<\/option><option value=\"St. Lucia\" >St. Lucia<\/option><option value=\"St. Martin (franz\u00f6sischer Teil)\" >St. Martin (franz\u00f6sischer Teil)<\/option><option value=\"Saint-Pierre und Miquelon\" >Saint-Pierre und Miquelon<\/option><option value=\"St. Vincent und die Grenadinen\" >St. Vincent und die Grenadinen<\/option><option value=\"Samoa\" >Samoa<\/option><option value=\"San Marino\" >San Marino<\/option><option value=\"S\u00e3o Tom\u00e9 und Pr\u00edncipe\" >S\u00e3o Tom\u00e9 und Pr\u00edncipe<\/option><option value=\"Saudi-Arabien\" >Saudi-Arabien<\/option><option value=\"Senegal\" >Senegal<\/option><option value=\"Serbien\" >Serbien<\/option><option value=\"Seychellen\" >Seychellen<\/option><option value=\"Sierra Leone\" >Sierra Leone<\/option><option value=\"Singapur\" >Singapur<\/option><option value=\"Slowakei\" >Slowakei<\/option><option value=\"Slowenien\" >Slowenien<\/option><option value=\"Salomonen\" >Salomonen<\/option><option value=\"Somalia\" >Somalia<\/option><option value=\"S\u00fcdafrika\" >S\u00fcdafrika<\/option><option value=\"S\u00fcdgeorgien und die S\u00fcdlichen Sandwichinseln\" >S\u00fcdgeorgien und die S\u00fcdlichen Sandwichinseln<\/option><option value=\"S\u00fcdsudan\" >S\u00fcdsudan<\/option><option value=\"Spanien\" >Spanien<\/option><option value=\"Sri Lanka\" >Sri Lanka<\/option><option value=\"Sudan\" >Sudan<\/option><option value=\"Suriname\" >Suriname<\/option><option value=\"Svalbard und Jan Mayen\" >Svalbard und Jan Mayen<\/option><option value=\"Eswatini\" >Eswatini<\/option><option value=\"Schweden\" >Schweden<\/option><option value=\"Schweiz\" >Schweiz<\/option><option value=\"Syrien\" >Syrien<\/option><option value=\"Taiwan\" >Taiwan<\/option><option value=\"Tadschikistan\" >Tadschikistan<\/option><option value=\"Tansania\" >Tansania<\/option><option value=\"Thailand\" >Thailand<\/option><option value=\"Osttimor\" >Osttimor<\/option><option value=\"Togo\" >Togo<\/option><option value=\"Tokelau\" >Tokelau<\/option><option value=\"Tonga\" >Tonga<\/option><option value=\"Trinidad und Tobago\" >Trinidad und Tobago<\/option><option value=\"Tunesien\" >Tunesien<\/option><option value=\"T\u00fcrkei\" >T\u00fcrkei<\/option><option value=\"Turkmenistan\" >Turkmenistan<\/option><option value=\"Turks- und Caicosinseln\" >Turks- und Caicosinseln<\/option><option value=\"Tuvalu\" >Tuvalu<\/option><option value=\"Uganda\" >Uganda<\/option><option value=\"Ukraine\" >Ukraine<\/option><option value=\"Vereinigte Arabische Emirate\" >Vereinigte Arabische Emirate<\/option><option value=\"Vereinigtes K\u00f6nigreich\" >Vereinigtes K\u00f6nigreich<\/option><option value=\"Vereinigte Staaten von Amerika\" >Vereinigte Staaten von Amerika<\/option><option value=\"Kleinere abgelegene Inseln der Vereinigten Staaten\" >Kleinere abgelegene Inseln der Vereinigten Staaten<\/option><option value=\"Uruguay\" >Uruguay<\/option><option value=\"Usbekistan\" >Usbekistan<\/option><option value=\"Vanuatu\" >Vanuatu<\/option><option value=\"Venezuela\" >Venezuela<\/option><option value=\"Vietnam\" >Vietnam<\/option><option value=\"Britische Jungferninseln\" >Britische Jungferninseln<\/option><option value=\"Amerikanische Jungferninseln\" >Amerikanische Jungferninseln<\/option><option value=\"Wallis und Futuna\" >Wallis und Futuna<\/option><option value=\"Westsahara\" >Westsahara<\/option><option value=\"Jemen\" >Jemen<\/option><option value=\"Sambia\" >Sambia<\/option><option value=\"Simbabwe\" >Simbabwe<\/option><\/select><\/div><\/div><div  id=\"um_field_1048857_Bundesland\" class=\"um-field um-field-text  um-field-Bundesland um-field-text um-field-type_text\" data-key=\"Bundesland\"><div class=\"um-field-label\"><div class=\"um-field-label-icon\"><i class=\"fas fa-flag\" aria-label=\"Bundesland\/Provinz\"><\/i><\/div><label for=\"Bundesland-1048857\">Bundesland\/Provinz<span class=\"um-req\" title=\"Required\">*<\/span><\/label><div class=\"um-clear\"><\/div><\/div><div class=\"um-field-area\"><input  autocomplete=\"off\" class=\"um-form-field valid\" type=\"text\" name=\"Bundesland-1048857\" id=\"Bundesland-1048857\" value=\"\" placeholder=\"Counties\" data-validate=\"\" data-key=\"Bundesland\"  aria-invalid=\"false\" \/>\n\n\t\t\t\t\t\t<\/div><\/div><\/div><\/div>\t<input type=\"hidden\" name=\"form_id\" id=\"form_id_1048857\" value=\"1048857\" \/>\n\t\t<p class=\"um_request_name\">\n\t\t<label for=\"um_request_1048857\">Only fill in if you are not human<\/label>\n\t\t<input type=\"hidden\" name=\"um_request\" id=\"um_request_1048857\" class=\"input\" value=\"\" size=\"25\" autocomplete=\"off\" \/>\n\t<\/p>\n\t<input type=\"hidden\" id=\"_wpnonce\" name=\"_wpnonce\" value=\"be656cb298\" \/><input type=\"hidden\" name=\"_wp_http_referer\" value=\"\/en\/wp-json\/wp\/v2\/pages\/1048862\" \/>\n\t<div class=\"um-col-alt\">\n\n\t\t\n\t\t\t<div class=\"um-left um-half\">\n\t\t\t\t<input type=\"submit\" value=\"Registrieren\" class=\"um-button\" id=\"um-submit-btn\" \/>\n\t\t\t<\/div>\n\t\t\t<div class=\"um-right um-half\">\n\t\t\t\t<a href=\"https:\/\/judosindelfingen.de\/en\/itg\/benutzer-login\/\" class=\"um-button um-alt\">\n\t\t\t\t\tLog in\t\t\t\t<\/a>\n\t\t\t<\/div>\n\n\t\t\n\t\t<div class=\"um-clear\"><\/div>\n\n\t<\/div>\n\n\t\t\t<input type=\"hidden\" name=\"trp-form-language\" value=\"en\"\/><\/form>\n\t<\/div>\n<\/div>\n<style>\n\t\t\t.um-1048857.um {\n\t\t\tmax-width: 450px;\n\t\t}\n\t\t<\/style>\n<\/p>\t\t\t\t\t\t\t\t<\/div>\n\t\t\t\t<\/div>\n\t\t\t\t\t<\/div>\n\t\t\t\t<\/div>\n\t\t<div class=\"elementor-element elementor-element-5d9d7be e-grid e-con-boxed e-con e-parent\" data-id=\"5d9d7be\" data-element_type=\"container\" data-e-type=\"container\" data-settings=\"{&quot;ekit_has_onepagescroll_dot&quot;:&quot;yes&quot;}\">\n\t\t\t\t\t<div class=\"e-con-inner\">\n\t\t\t\t\t<\/div>\n\t\t\t\t<\/div>\n\t\t\t\t<\/div>","protected":false},"excerpt":{"rendered":"<p>Registrieren<\/p>","protected":false},"author":180,"featured_media":0,"parent":1041025,"menu_order":7,"comment_status":"closed","ping_status":"closed","template":"elementor_header_footer","meta":{"_acf_changed":false,"footnotes":""},"class_list":["post-1048862","page","type-page","status-publish","hentry"],"acf":[],"_links":{"self":[{"href":"https:\/\/judosindelfingen.de\/en\/wp-json\/wp\/v2\/pages\/1048862","targetHints":{"allow":["GET"]}}],"collection":[{"href":"https:\/\/judosindelfingen.de\/en\/wp-json\/wp\/v2\/pages"}],"about":[{"href":"https:\/\/judosindelfingen.de\/en\/wp-json\/wp\/v2\/types\/page"}],"author":[{"embeddable":true,"href":"https:\/\/judosindelfingen.de\/en\/wp-json\/wp\/v2\/users\/180"}],"replies":[{"embeddable":true,"href":"https:\/\/judosindelfingen.de\/en\/wp-json\/wp\/v2\/comments?post=1048862"}],"version-history":[{"count":8,"href":"https:\/\/judosindelfingen.de\/en\/wp-json\/wp\/v2\/pages\/1048862\/revisions"}],"predecessor-version":[{"id":1048890,"href":"https:\/\/judosindelfingen.de\/en\/wp-json\/wp\/v2\/pages\/1048862\/revisions\/1048890"}],"up":[{"embeddable":true,"href":"https:\/\/judosindelfingen.de\/en\/wp-json\/wp\/v2\/pages\/1041025"}],"wp:attachment":[{"href":"https:\/\/judosindelfingen.de\/en\/wp-json\/wp\/v2\/media?parent=1048862"}],"curies":[{"name":"wp","href":"https:\/\/api.w.org\/{rel}","templated":true}]}}