{"id":1044017,"date":"2021-04-06T17:04:41","date_gmt":"2021-04-06T15:04:41","guid":{"rendered":"http:\/\/judosindelfingen.de.w01acd2f.kasserver.com\/?page_id=1044017"},"modified":"2025-04-01T10:24:04","modified_gmt":"2025-04-01T08:24:04","slug":"impressum","status":"publish","type":"page","link":"https:\/\/judosindelfingen.de\/en\/impressum\/","title":{"rendered":"Impressum"},"content":{"rendered":"<div data-elementor-type=\"wp-page\" data-elementor-id=\"1044017\" class=\"elementor elementor-1044017\" data-elementor-post-type=\"page\">\n\t\t\t\t\t\t<section class=\"elementor-section elementor-top-section elementor-element elementor-element-245171a elementor-section-height-min-height elementor-section-boxed elementor-section-height-default elementor-section-items-middle\" data-id=\"245171a\" data-element_type=\"section\" data-e-type=\"section\" data-settings=\"{&quot;background_background&quot;:&quot;classic&quot;,&quot;ekit_has_onepagescroll_dot&quot;:&quot;yes&quot;}\">\n\t\t\t\t\t\t\t<div class=\"elementor-background-overlay\"><\/div>\n\t\t\t\t\t\t\t<div class=\"elementor-container elementor-column-gap-default\">\n\t\t\t\t\t<div class=\"elementor-column elementor-col-100 elementor-top-column elementor-element elementor-element-a6e0143\" data-id=\"a6e0143\" data-element_type=\"column\" data-e-type=\"column\">\n\t\t\t<div class=\"elementor-widget-wrap elementor-element-populated\">\n\t\t\t\t\t\t<div class=\"elementor-element elementor-element-79f5bff elementor-widget elementor-widget-heading\" data-id=\"79f5bff\" data-element_type=\"widget\" data-e-type=\"widget\" data-settings=\"{&quot;ekit_we_effect_on&quot;:&quot;none&quot;}\" data-widget_type=\"heading.default\">\n\t\t\t\t<div class=\"elementor-widget-container\">\n\t\t\t\t\t<h1 class=\"elementor-heading-title elementor-size-default\">Impressum<\/h1>\t\t\t\t<\/div>\n\t\t\t\t<\/div>\n\t\t\t\t\t<\/div>\n\t\t<\/div>\n\t\t\t\t\t<\/div>\n\t\t<\/section>\n\t\t\t\t<section class=\"elementor-section elementor-top-section elementor-element elementor-element-a716c60 elementor-section-boxed elementor-section-height-default elementor-section-height-default\" data-id=\"a716c60\" data-element_type=\"section\" data-e-type=\"section\" data-settings=\"{&quot;background_background&quot;:&quot;classic&quot;,&quot;ekit_has_onepagescroll_dot&quot;:&quot;yes&quot;}\">\n\t\t\t\t\t\t<div class=\"elementor-container elementor-column-gap-default\">\n\t\t\t\t\t<div class=\"elementor-column elementor-col-100 elementor-top-column elementor-element elementor-element-f4cdba4\" data-id=\"f4cdba4\" data-element_type=\"column\" data-e-type=\"column\">\n\t\t\t<div class=\"elementor-widget-wrap elementor-element-populated\">\n\t\t\t\t\t\t<div class=\"elementor-element elementor-element-5dc926c elementor-widget elementor-widget-heading\" data-id=\"5dc926c\" data-element_type=\"widget\" data-e-type=\"widget\" data-settings=\"{&quot;ekit_we_effect_on&quot;:&quot;none&quot;}\" data-widget_type=\"heading.default\">\n\t\t\t\t<div class=\"elementor-widget-container\">\n\t\t\t\t\t<h4 class=\"elementor-heading-title elementor-size-default\">F\u00dcR DEN INHALT VERANTWORTLICH\n<\/h4>\t\t\t\t<\/div>\n\t\t\t\t<\/div>\n\t\t\t\t<div class=\"elementor-element elementor-element-f154a18 elementor-widget elementor-widget-text-editor\" data-id=\"f154a18\" data-element_type=\"widget\" data-e-type=\"widget\" data-settings=\"{&quot;ekit_we_effect_on&quot;:&quot;none&quot;}\" data-widget_type=\"text-editor.default\">\n\t\t\t\t<div class=\"elementor-widget-container\">\n\t\t\t\t\t\t\t\t\t<p>Verein f\u00fcr Leibes\u00fcbungen (VfL) Sindelfingen 1862 e.V.<br \/>Rudolf-Harbig-Stra\u00dfe 8<br \/>71063 Sindelfingen<\/p><p>Telefon:\u00a0(07031) 70650<br \/>Telefax:\u00a0(07031)\u00a0706599<\/p><p>E-Mail:\u00a0<a href=\"mailto:info@vfl-sindelfingen.de\">info@vfl-sindelfingen.de<\/a><br \/>Internet:\u00a0<a href=\"http:\/\/www.vfl-sindelfingen.de\/\">www.vfl-sindelfingen.de<\/a><\/p><p>Inhaltlich Verantwortlicher: Roland Medinger, Gesch\u00e4ftsf\u00fchrer<br \/>Registergericht: Amtsgericht Stuttgart (Registernummer: VR 240407)<br \/>Umsatzsteuer-Identifikationsnummer: DE 145045785<\/p>\t\t\t\t\t\t\t\t<\/div>\n\t\t\t\t<\/div>\n\t\t\t\t\t<\/div>\n\t\t<\/div>\n\t\t\t\t\t<\/div>\n\t\t<\/section>\n\t\t\t\t<\/div>","protected":false},"excerpt":{"rendered":"<p>Impressum F\u00dcR DEN INHALT VERANTWORTLICH Verein f\u00fcr Leibes\u00fcbungen (VfL) Sindelfingen 1862 e.V.Rudolf-Harbig-Stra\u00dfe 871063 Sindelfingen Telefon:\u00a0(07031) 70650Telefax:\u00a0(07031)\u00a0706599 E-Mail:\u00a0info@vfl-sindelfingen.deInternet:\u00a0www.vfl-sindelfingen.de Inhaltlich Verantwortlicher: Roland Medinger, Gesch\u00e4ftsf\u00fchrerRegistergericht: Amtsgericht Stuttgart (Registernummer: VR 240407)Umsatzsteuer-Identifikationsnummer: DE 145045785<\/p>","protected":false},"author":1,"featured_media":0,"parent":0,"menu_order":19,"comment_status":"closed","ping_status":"closed","template":"elementor_header_footer","meta":{"_acf_changed":false,"footnotes":""},"class_list":["post-1044017","page","type-page","status-publish","hentry"],"acf":[],"_links":{"self":[{"href":"https:\/\/judosindelfingen.de\/en\/wp-json\/wp\/v2\/pages\/1044017","targetHints":{"allow":["GET"]}}],"collection":[{"href":"https:\/\/judosindelfingen.de\/en\/wp-json\/wp\/v2\/pages"}],"about":[{"href":"https:\/\/judosindelfingen.de\/en\/wp-json\/wp\/v2\/types\/page"}],"author":[{"embeddable":true,"href":"https:\/\/judosindelfingen.de\/en\/wp-json\/wp\/v2\/users\/1"}],"replies":[{"embeddable":true,"href":"https:\/\/judosindelfingen.de\/en\/wp-json\/wp\/v2\/comments?post=1044017"}],"version-history":[{"count":7,"href":"https:\/\/judosindelfingen.de\/en\/wp-json\/wp\/v2\/pages\/1044017\/revisions"}],"predecessor-version":[{"id":1044025,"href":"https:\/\/judosindelfingen.de\/en\/wp-json\/wp\/v2\/pages\/1044017\/revisions\/1044025"}],"wp:attachment":[{"href":"https:\/\/judosindelfingen.de\/en\/wp-json\/wp\/v2\/media?parent=1044017"}],"curies":[{"name":"wp","href":"https:\/\/api.w.org\/{rel}","templated":true}]}}