{"id":1041057,"date":"2021-04-06T10:25:29","date_gmt":"2021-04-06T08:25:29","guid":{"rendered":"http:\/\/judosindelfingen.de.w01acd2f.kasserver.com\/?page_id=1041057"},"modified":"2025-04-01T10:24:04","modified_gmt":"2025-04-01T08:24:04","slug":"visionen","status":"publish","type":"page","link":"https:\/\/judosindelfingen.de\/en\/ueber-uns\/visionen\/","title":{"rendered":"Visions"},"content":{"rendered":"<div data-elementor-type=\"wp-page\" data-elementor-id=\"1041057\" class=\"elementor elementor-1041057\" data-elementor-post-type=\"page\">\n\t\t\t\t\t\t<section class=\"elementor-section elementor-top-section elementor-element elementor-element-245171a elementor-section-height-min-height elementor-section-boxed elementor-section-height-default elementor-section-items-middle\" data-id=\"245171a\" data-element_type=\"section\" data-e-type=\"section\" data-settings=\"{&quot;background_background&quot;:&quot;classic&quot;,&quot;ekit_has_onepagescroll_dot&quot;:&quot;yes&quot;}\">\n\t\t\t\t\t\t\t<div class=\"elementor-background-overlay\"><\/div>\n\t\t\t\t\t\t\t<div class=\"elementor-container elementor-column-gap-default\">\n\t\t\t\t\t<div class=\"elementor-column elementor-col-100 elementor-top-column elementor-element elementor-element-a6e0143\" data-id=\"a6e0143\" data-element_type=\"column\" data-e-type=\"column\">\n\t\t\t<div class=\"elementor-widget-wrap elementor-element-populated\">\n\t\t\t\t\t\t<div class=\"elementor-element elementor-element-79f5bff elementor-widget elementor-widget-heading\" data-id=\"79f5bff\" data-element_type=\"widget\" data-e-type=\"widget\" data-settings=\"{&quot;ekit_we_effect_on&quot;:&quot;none&quot;}\" data-widget_type=\"heading.default\">\n\t\t\t\t<div class=\"elementor-widget-container\">\n\t\t\t\t\t<h1 class=\"elementor-heading-title elementor-size-default\">Wir \u00fcber uns<\/h1>\t\t\t\t<\/div>\n\t\t\t\t<\/div>\n\t\t\t\t<div class=\"elementor-element elementor-element-fce2644 elementor-widget elementor-widget-heading\" data-id=\"fce2644\" data-element_type=\"widget\" data-e-type=\"widget\" data-settings=\"{&quot;ekit_we_effect_on&quot;:&quot;none&quot;}\" data-widget_type=\"heading.default\">\n\t\t\t\t<div class=\"elementor-widget-container\">\n\t\t\t\t\t<h2 class=\"elementor-heading-title elementor-size-default\">Unsere Vision 2024<\/h2>\t\t\t\t<\/div>\n\t\t\t\t<\/div>\n\t\t\t\t\t<\/div>\n\t\t<\/div>\n\t\t\t\t\t<\/div>\n\t\t<\/section>\n\t\t\t\t<section class=\"elementor-section elementor-top-section elementor-element elementor-element-a716c60 elementor-section-boxed elementor-section-height-default elementor-section-height-default\" data-id=\"a716c60\" data-element_type=\"section\" data-e-type=\"section\" data-settings=\"{&quot;background_background&quot;:&quot;classic&quot;,&quot;ekit_has_onepagescroll_dot&quot;:&quot;yes&quot;}\">\n\t\t\t\t\t\t<div class=\"elementor-container elementor-column-gap-default\">\n\t\t\t\t\t<div class=\"elementor-column elementor-col-50 elementor-top-column elementor-element elementor-element-60a210f\" data-id=\"60a210f\" data-element_type=\"column\" data-e-type=\"column\">\n\t\t\t<div class=\"elementor-widget-wrap elementor-element-populated\">\n\t\t\t\t\t\t<div class=\"elementor-element elementor-element-04dcedb elementor-widget elementor-widget-image\" data-id=\"04dcedb\" data-element_type=\"widget\" data-e-type=\"widget\" data-settings=\"{&quot;ekit_we_effect_on&quot;:&quot;none&quot;}\" data-widget_type=\"image.default\">\n\t\t\t\t<div class=\"elementor-widget-container\">\n\t\t\t\t\t\t\t\t\t\t\t\t\t\t\t<img fetchpriority=\"high\" decoding=\"async\" width=\"800\" height=\"800\" src=\"https:\/\/judosindelfingen.de\/wp-content\/uploads\/2022\/07\/Bild_Vision_18DDAF8D-489B-4B57-A6CE-3726F4BE0AEA-1024x1024.jpg\" class=\"attachment-large size-large wp-image-1044766\" alt=\"\" srcset=\"https:\/\/judosindelfingen.de\/wp-content\/uploads\/2022\/07\/Bild_Vision_18DDAF8D-489B-4B57-A6CE-3726F4BE0AEA-1024x1024.jpg 1024w, https:\/\/judosindelfingen.de\/wp-content\/uploads\/2022\/07\/Bild_Vision_18DDAF8D-489B-4B57-A6CE-3726F4BE0AEA-300x300.jpg 300w, https:\/\/judosindelfingen.de\/wp-content\/uploads\/2022\/07\/Bild_Vision_18DDAF8D-489B-4B57-A6CE-3726F4BE0AEA-150x150.jpg 150w, https:\/\/judosindelfingen.de\/wp-content\/uploads\/2022\/07\/Bild_Vision_18DDAF8D-489B-4B57-A6CE-3726F4BE0AEA-768x768.jpg 768w, https:\/\/judosindelfingen.de\/wp-content\/uploads\/2022\/07\/Bild_Vision_18DDAF8D-489B-4B57-A6CE-3726F4BE0AEA.jpg 1440w\" sizes=\"(max-width: 800px) 100vw, 800px\" \/>\t\t\t\t\t\t\t\t\t\t\t\t\t\t\t<\/div>\n\t\t\t\t<\/div>\n\t\t\t\t\t<\/div>\n\t\t<\/div>\n\t\t\t\t<div class=\"elementor-column elementor-col-50 elementor-top-column elementor-element elementor-element-f4cdba4\" data-id=\"f4cdba4\" data-element_type=\"column\" data-e-type=\"column\">\n\t\t\t<div class=\"elementor-widget-wrap elementor-element-populated\">\n\t\t\t\t\t\t<div class=\"elementor-element elementor-element-f154a18 elementor-widget elementor-widget-text-editor\" data-id=\"f154a18\" data-element_type=\"widget\" data-e-type=\"widget\" data-settings=\"{&quot;ekit_we_effect_on&quot;:&quot;none&quot;}\" data-widget_type=\"text-editor.default\">\n\t\t\t\t<div class=\"elementor-widget-container\">\n\t\t\t\t\t\t\t\t\t<p>Die Judoabteilung des VfL Sindelfingen ist 2024 ein f\u00fchrender Verein im Leistungssport bis 20 Jahre in Deutschland\u00a0<\/p><ul><li>Wir sind mit unserer Au\u00dfendarstellung in Sindelfingen und Umkreis sichtbar und attraktiv f\u00fcr Kooperationspartner<\/li><li>Breiten-, Freizeit- und Leistungssport sind in einer ausgewogenen Balance integriert und erm\u00f6glichen Judo als \u201eSportart f\u00fcrs Leben\u201c zu betreiben<\/li><li>Wir f\u00f6rdern erfolgreiche Karrieren im ganzen Spektrum des Judosports. Mitglieder sind als Wettk\u00e4mpfer, Ehrenamtliche, Kampfrichter oder Trainer erfolgreich<\/li><li>Schule und Judo existieren harmonisch miteinander.\u00a0<\/li><li>Der zentrale Baustein in der Vereinsentwicklung ist der sportliche Erfolg bei Einzel- und Mannschaftswettbewerben im Alter von 12-20 Jahren.\u00a0<\/li><li>Wir nehmen aktiv an den Mannschaftswettbewerben im Jugendbereich und den Ligabetrieben im Erwachsenenbereich teil\u00a0<\/li><li>Wir haben das Internationales Turnier im Glaspalast nachhaltig als gr\u00f6\u00dftes Judoturnier f\u00fcr die ganze Familie etabliert<\/li><li>Die Judoabteilung ist finanziell stabil und wirtschaftlich unabh\u00e4ngig<\/li><\/ul>\t\t\t\t\t\t\t\t<\/div>\n\t\t\t\t<\/div>\n\t\t\t\t\t<\/div>\n\t\t<\/div>\n\t\t\t\t\t<\/div>\n\t\t<\/section>\n\t\t\t\t<\/div>","protected":false},"excerpt":{"rendered":"<p>Wir \u00fcber uns Unsere Vision 2024 Die Judoabteilung des VfL Sindelfingen ist 2024 ein f\u00fchrender Verein im Leistungssport bis 20 Jahre in Deutschland\u00a0 Wir sind mit unserer Au\u00dfendarstellung in Sindelfingen und Umkreis sichtbar und attraktiv f\u00fcr Kooperationspartner Breiten-, Freizeit- und Leistungssport sind in einer ausgewogenen Balance integriert und erm\u00f6glichen Judo als \u201eSportart f\u00fcrs Leben\u201c zu [&hellip;]<\/p>\n","protected":false},"author":1,"featured_media":0,"parent":1040931,"menu_order":4,"comment_status":"closed","ping_status":"closed","template":"elementor_header_footer","meta":{"_acf_changed":false,"footnotes":""},"class_list":["post-1041057","page","type-page","status-publish","hentry"],"acf":[],"_links":{"self":[{"href":"https:\/\/judosindelfingen.de\/en\/wp-json\/wp\/v2\/pages\/1041057","targetHints":{"allow":["GET"]}}],"collection":[{"href":"https:\/\/judosindelfingen.de\/en\/wp-json\/wp\/v2\/pages"}],"about":[{"href":"https:\/\/judosindelfingen.de\/en\/wp-json\/wp\/v2\/types\/page"}],"author":[{"embeddable":true,"href":"https:\/\/judosindelfingen.de\/en\/wp-json\/wp\/v2\/users\/1"}],"replies":[{"embeddable":true,"href":"https:\/\/judosindelfingen.de\/en\/wp-json\/wp\/v2\/comments?post=1041057"}],"version-history":[{"count":13,"href":"https:\/\/judosindelfingen.de\/en\/wp-json\/wp\/v2\/pages\/1041057\/revisions"}],"predecessor-version":[{"id":1044769,"href":"https:\/\/judosindelfingen.de\/en\/wp-json\/wp\/v2\/pages\/1041057\/revisions\/1044769"}],"up":[{"embeddable":true,"href":"https:\/\/judosindelfingen.de\/en\/wp-json\/wp\/v2\/pages\/1040931"}],"wp:attachment":[{"href":"https:\/\/judosindelfingen.de\/en\/wp-json\/wp\/v2\/media?parent=1041057"}],"curies":[{"name":"wp","href":"https:\/\/api.w.org\/{rel}","templated":true}]}}