{"id":1041055,"date":"2021-04-06T10:25:18","date_gmt":"2021-04-06T08:25:18","guid":{"rendered":"http:\/\/judosindelfingen.de.w01acd2f.kasserver.com\/?page_id=1041055"},"modified":"2025-04-01T10:24:04","modified_gmt":"2025-04-01T08:24:04","slug":"mission","status":"publish","type":"page","link":"https:\/\/judosindelfingen.de\/en\/ueber-uns\/mission\/","title":{"rendered":"Mission"},"content":{"rendered":"<div data-elementor-type=\"wp-page\" data-elementor-id=\"1041055\" class=\"elementor elementor-1041055\" data-elementor-post-type=\"page\">\n\t\t\t\t\t\t<section class=\"elementor-section elementor-top-section elementor-element elementor-element-245171a elementor-section-height-min-height elementor-section-boxed elementor-section-height-default elementor-section-items-middle\" data-id=\"245171a\" data-element_type=\"section\" data-e-type=\"section\" data-settings=\"{&quot;background_background&quot;:&quot;classic&quot;,&quot;ekit_has_onepagescroll_dot&quot;:&quot;yes&quot;}\">\n\t\t\t\t\t\t\t<div class=\"elementor-background-overlay\"><\/div>\n\t\t\t\t\t\t\t<div class=\"elementor-container elementor-column-gap-default\">\n\t\t\t\t\t<div class=\"elementor-column elementor-col-100 elementor-top-column elementor-element elementor-element-a6e0143\" data-id=\"a6e0143\" data-element_type=\"column\" data-e-type=\"column\">\n\t\t\t<div class=\"elementor-widget-wrap elementor-element-populated\">\n\t\t\t\t\t\t<div class=\"elementor-element elementor-element-79f5bff elementor-widget elementor-widget-heading\" data-id=\"79f5bff\" data-element_type=\"widget\" data-e-type=\"widget\" data-settings=\"{&quot;ekit_we_effect_on&quot;:&quot;none&quot;}\" data-widget_type=\"heading.default\">\n\t\t\t\t<div class=\"elementor-widget-container\">\n\t\t\t\t\t<h1 class=\"elementor-heading-title elementor-size-default\">Wir \u00fcber uns<\/h1>\t\t\t\t<\/div>\n\t\t\t\t<\/div>\n\t\t\t\t<div class=\"elementor-element elementor-element-fce2644 elementor-widget elementor-widget-heading\" data-id=\"fce2644\" data-element_type=\"widget\" data-e-type=\"widget\" data-settings=\"{&quot;ekit_we_effect_on&quot;:&quot;none&quot;}\" data-widget_type=\"heading.default\">\n\t\t\t\t<div class=\"elementor-widget-container\">\n\t\t\t\t\t<h2 class=\"elementor-heading-title elementor-size-default\">Unsere Mission<\/h2>\t\t\t\t<\/div>\n\t\t\t\t<\/div>\n\t\t\t\t\t<\/div>\n\t\t<\/div>\n\t\t\t\t\t<\/div>\n\t\t<\/section>\n\t\t\t\t<section class=\"elementor-section elementor-top-section elementor-element elementor-element-a716c60 elementor-section-boxed elementor-section-height-default elementor-section-height-default\" data-id=\"a716c60\" data-element_type=\"section\" data-e-type=\"section\" data-settings=\"{&quot;background_background&quot;:&quot;classic&quot;,&quot;ekit_has_onepagescroll_dot&quot;:&quot;yes&quot;}\">\n\t\t\t\t\t\t<div class=\"elementor-container elementor-column-gap-default\">\n\t\t\t\t\t<div class=\"elementor-column elementor-col-50 elementor-top-column elementor-element elementor-element-cb9a8a3\" data-id=\"cb9a8a3\" data-element_type=\"column\" data-e-type=\"column\">\n\t\t\t<div class=\"elementor-widget-wrap elementor-element-populated\">\n\t\t\t\t\t\t<div class=\"elementor-element elementor-element-1c7af01 elementor-widget elementor-widget-image\" data-id=\"1c7af01\" data-element_type=\"widget\" data-e-type=\"widget\" data-settings=\"{&quot;ekit_we_effect_on&quot;:&quot;none&quot;}\" data-widget_type=\"image.default\">\n\t\t\t\t<div class=\"elementor-widget-container\">\n\t\t\t\t\t\t\t\t\t\t\t\t\t\t\t<img fetchpriority=\"high\" decoding=\"async\" width=\"800\" height=\"534\" src=\"https:\/\/judosindelfingen.de\/wp-content\/uploads\/2022\/07\/FB_IMG_1608205736991-1024x684.jpg\" class=\"attachment-large size-large wp-image-1044624\" alt=\"\" srcset=\"https:\/\/judosindelfingen.de\/wp-content\/uploads\/2022\/07\/FB_IMG_1608205736991-1024x684.jpg 1024w, https:\/\/judosindelfingen.de\/wp-content\/uploads\/2022\/07\/FB_IMG_1608205736991-300x200.jpg 300w, https:\/\/judosindelfingen.de\/wp-content\/uploads\/2022\/07\/FB_IMG_1608205736991-768x513.jpg 768w, https:\/\/judosindelfingen.de\/wp-content\/uploads\/2022\/07\/FB_IMG_1608205736991-391x260.jpg 391w, https:\/\/judosindelfingen.de\/wp-content\/uploads\/2022\/07\/FB_IMG_1608205736991.jpg 1080w\" sizes=\"(max-width: 800px) 100vw, 800px\" \/>\t\t\t\t\t\t\t\t\t\t\t\t\t\t\t<\/div>\n\t\t\t\t<\/div>\n\t\t\t\t\t<\/div>\n\t\t<\/div>\n\t\t\t\t<div class=\"elementor-column elementor-col-50 elementor-top-column elementor-element elementor-element-f4cdba4\" data-id=\"f4cdba4\" data-element_type=\"column\" data-e-type=\"column\">\n\t\t\t<div class=\"elementor-widget-wrap elementor-element-populated\">\n\t\t\t\t\t\t<div class=\"elementor-element elementor-element-f154a18 elementor-widget elementor-widget-text-editor\" data-id=\"f154a18\" data-element_type=\"widget\" data-e-type=\"widget\" data-settings=\"{&quot;ekit_we_effect_on&quot;:&quot;none&quot;}\" data-widget_type=\"text-editor.default\">\n\t\t\t\t<div class=\"elementor-widget-container\">\n\t\t\t\t\t\t\t\t\t<ul><li>Judo ist eine Schule f\u00fcr das Leben. F\u00fcr uns steht die Vermittlung und das aktive Leben\u00a0von Werten wie Zielstrebigkeit, Durchsetzungsverm\u00f6gen, soziale Kompetenz, Teamgeist und Hilfsbereitschaft im Vordergrund<\/li><li>Im Mittelpunkt steht die ganzheitliche geistige und k\u00f6rperliche Ausbildung der\u00a0 Vereinsmitglieder<\/li><li>Wir bilden m\u00fcndige und eigenmotivierte junge Menschen aus. Eigenmotivation ist die Basis des Erfolgs in Schule, Studium und Beruf<\/li><li>Wir sind beispielhaft und erfolgreich bei der Gestaltung der Prozesse und Organisation und stellen die Qualit\u00e4t der Trainer und Verantwortlichen in allen Funktionen sicher<\/li><li>Mannschaftswettk\u00e4mpfe sollen positiv auf die Motivation der Mitglieder und Judofreunde\u00a0 wirken und dienen unseren Athleten aus allen Leistungsklassen als Trainings- und Lebensgemeinschaft<\/li><li>Wir stellen die Rahmenbedingungen f\u00fcr eine Leistungssportlaufbahn zur Verf\u00fcgung und unterst\u00fctzen bei der Verfolgung dieser Karriere<\/li><\/ul>\t\t\t\t\t\t\t\t<\/div>\n\t\t\t\t<\/div>\n\t\t\t\t\t<\/div>\n\t\t<\/div>\n\t\t\t\t\t<\/div>\n\t\t<\/section>\n\t\t\t\t<\/div>","protected":false},"excerpt":{"rendered":"<p>Wir \u00fcber uns Unsere Mission Judo ist eine Schule f\u00fcr das Leben. F\u00fcr uns steht die Vermittlung und das aktive Leben\u00a0von Werten wie Zielstrebigkeit, Durchsetzungsverm\u00f6gen, soziale Kompetenz, Teamgeist und Hilfsbereitschaft im Vordergrund Im Mittelpunkt steht die ganzheitliche geistige und k\u00f6rperliche Ausbildung der\u00a0 Vereinsmitglieder Wir bilden m\u00fcndige und eigenmotivierte junge Menschen aus. Eigenmotivation ist die Basis [&hellip;]<\/p>\n","protected":false},"author":1,"featured_media":0,"parent":1040931,"menu_order":2,"comment_status":"closed","ping_status":"closed","template":"elementor_header_footer","meta":{"_acf_changed":false,"footnotes":""},"class_list":["post-1041055","page","type-page","status-publish","hentry"],"acf":[],"_links":{"self":[{"href":"https:\/\/judosindelfingen.de\/en\/wp-json\/wp\/v2\/pages\/1041055","targetHints":{"allow":["GET"]}}],"collection":[{"href":"https:\/\/judosindelfingen.de\/en\/wp-json\/wp\/v2\/pages"}],"about":[{"href":"https:\/\/judosindelfingen.de\/en\/wp-json\/wp\/v2\/types\/page"}],"author":[{"embeddable":true,"href":"https:\/\/judosindelfingen.de\/en\/wp-json\/wp\/v2\/users\/1"}],"replies":[{"embeddable":true,"href":"https:\/\/judosindelfingen.de\/en\/wp-json\/wp\/v2\/comments?post=1041055"}],"version-history":[{"count":13,"href":"https:\/\/judosindelfingen.de\/en\/wp-json\/wp\/v2\/pages\/1041055\/revisions"}],"predecessor-version":[{"id":1044780,"href":"https:\/\/judosindelfingen.de\/en\/wp-json\/wp\/v2\/pages\/1041055\/revisions\/1044780"}],"up":[{"embeddable":true,"href":"https:\/\/judosindelfingen.de\/en\/wp-json\/wp\/v2\/pages\/1040931"}],"wp:attachment":[{"href":"https:\/\/judosindelfingen.de\/en\/wp-json\/wp\/v2\/media?parent=1041055"}],"curies":[{"name":"wp","href":"https:\/\/api.w.org\/{rel}","templated":true}]}}