{"id":1041047,"date":"2021-04-06T10:24:02","date_gmt":"2021-04-06T08:24:02","guid":{"rendered":"http:\/\/judosindelfingen.de.w01acd2f.kasserver.com\/?page_id=1041047"},"modified":"2025-04-01T10:24:04","modified_gmt":"2025-04-01T08:24:04","slug":"trainingszeiten","status":"publish","type":"page","link":"https:\/\/judosindelfingen.de\/en\/training\/trainingszeiten\/","title":{"rendered":"Training times"},"content":{"rendered":"<div data-elementor-type=\"wp-page\" data-elementor-id=\"1041047\" class=\"elementor elementor-1041047\" data-elementor-post-type=\"page\">\n\t\t\t\t\t\t<section class=\"elementor-section elementor-top-section elementor-element elementor-element-245171a elementor-section-height-min-height elementor-section-boxed elementor-section-height-default elementor-section-items-middle\" data-id=\"245171a\" data-element_type=\"section\" data-e-type=\"section\" data-settings=\"{&quot;background_background&quot;:&quot;classic&quot;,&quot;ekit_has_onepagescroll_dot&quot;:&quot;yes&quot;}\">\n\t\t\t\t\t\t\t<div class=\"elementor-background-overlay\"><\/div>\n\t\t\t\t\t\t\t<div class=\"elementor-container elementor-column-gap-default\">\n\t\t\t\t\t<div class=\"elementor-column elementor-col-100 elementor-top-column elementor-element elementor-element-a6e0143\" data-id=\"a6e0143\" data-element_type=\"column\" data-e-type=\"column\">\n\t\t\t<div class=\"elementor-widget-wrap elementor-element-populated\">\n\t\t\t\t\t\t<div class=\"elementor-element elementor-element-79f5bff elementor-widget elementor-widget-heading\" data-id=\"79f5bff\" data-element_type=\"widget\" data-e-type=\"widget\" data-settings=\"{&quot;ekit_we_effect_on&quot;:&quot;none&quot;}\" data-widget_type=\"heading.default\">\n\t\t\t\t<div class=\"elementor-widget-container\">\n\t\t\t\t\t<h1 class=\"elementor-heading-title elementor-size-default\">Training times<\/h1>\t\t\t\t<\/div>\n\t\t\t\t<\/div>\n\t\t\t\t<div class=\"elementor-element elementor-element-fce2644 elementor-widget elementor-widget-heading\" data-id=\"fce2644\" data-element_type=\"widget\" data-e-type=\"widget\" data-settings=\"{&quot;ekit_we_effect_on&quot;:&quot;none&quot;}\" data-widget_type=\"heading.default\">\n\t\t\t\t<div class=\"elementor-widget-container\">\n\t\t\t\t\t<h2 class=\"elementor-heading-title elementor-size-default\">The Judo department<\/h2>\t\t\t\t<\/div>\n\t\t\t\t<\/div>\n\t\t\t\t\t<\/div>\n\t\t<\/div>\n\t\t\t\t\t<\/div>\n\t\t<\/section>\n\t\t<div class=\"elementor-element elementor-element-31421d3 e-flex e-con-boxed e-con e-parent\" data-id=\"31421d3\" data-element_type=\"container\" data-e-type=\"container\" data-settings=\"{&quot;ekit_has_onepagescroll_dot&quot;:&quot;yes&quot;}\">\n\t\t\t\t\t<div class=\"e-con-inner\">\n\t\t\t\t<div class=\"elementor-element elementor-element-0e4a33b elementor-widget elementor-widget-heading\" data-id=\"0e4a33b\" data-element_type=\"widget\" data-e-type=\"widget\" data-settings=\"{&quot;ekit_we_effect_on&quot;:&quot;none&quot;}\" data-widget_type=\"heading.default\">\n\t\t\t\t<div class=\"elementor-widget-container\">\n\t\t\t\t\t<h2 class=\"elementor-heading-title elementor-size-default\">Overall schedule<\/h2>\t\t\t\t<\/div>\n\t\t\t\t<\/div>\n\t\t\t\t<div class=\"elementor-element elementor-element-d6c1bdb elementor-widget elementor-widget-wpmf_pdf_embed\" data-id=\"d6c1bdb\" data-element_type=\"widget\" data-e-type=\"widget\" data-settings=\"{&quot;ekit_we_effect_on&quot;:&quot;none&quot;}\" data-widget_type=\"wpmf_pdf_embed.default\">\n\t\t\t\t<div class=\"elementor-widget-container\">\n\t\t\t\t\t<div><iframe width=\"100%\" height=\"800\" src=\"https:\/\/judosindelfingen.de\/wp-content\/plugins\/wp-media-folder\/class\/templates\/pdf-embed.php?file=https%3A%2F%2Fjudosindelfingen.de%2Fwp-content%2Fuploads%2F2025%2F03%2FTrainingsplan_VfLSindelfingen_09092024.pdf&#038;plugins_url=https%3A%2F%2Fjudosindelfingen.de%2Fwp-content%2Fplugins%2Fwp-media-folder%2F\" title=\"Embedded PDF\" class=\"wpmf-pdfjs-iframe\"><\/iframe><\/div>\t\t\t\t<\/div>\n\t\t\t\t<\/div>\n\t\t\t\t\t<\/div>\n\t\t\t\t<\/div>\n\t\t<div class=\"elementor-element elementor-element-df4072a e-flex e-con-boxed e-con e-parent\" data-id=\"df4072a\" data-element_type=\"container\" data-e-type=\"container\" data-settings=\"{&quot;ekit_has_onepagescroll_dot&quot;:&quot;yes&quot;}\">\n\t\t\t\t\t<div class=\"e-con-inner\">\n\t\t<div class=\"elementor-element elementor-element-d0b407e e-con-full e-flex e-con e-child\" data-id=\"d0b407e\" data-element_type=\"container\" data-e-type=\"container\" data-settings=\"{&quot;ekit_has_onepagescroll_dot&quot;:&quot;yes&quot;}\">\n\t\t\t\t<div class=\"elementor-element elementor-element-d014a57 elementor-widget elementor-widget-heading\" data-id=\"d014a57\" data-element_type=\"widget\" data-e-type=\"widget\" data-settings=\"{&quot;ekit_we_effect_on&quot;:&quot;none&quot;}\" data-widget_type=\"heading.default\">\n\t\t\t\t<div class=\"elementor-widget-container\">\n\t\t\t\t\t<h2 class=\"elementor-heading-title elementor-size-default\">Kita - U6 - U9<\/h2>\t\t\t\t<\/div>\n\t\t\t\t<\/div>\n\t\t\t\t<div class=\"elementor-element elementor-element-48ef7f3 elementor-widget elementor-widget-wpmf_pdf_embed\" data-id=\"48ef7f3\" data-element_type=\"widget\" data-e-type=\"widget\" data-settings=\"{&quot;ekit_we_effect_on&quot;:&quot;none&quot;}\" data-widget_type=\"wpmf_pdf_embed.default\">\n\t\t\t\t<div class=\"elementor-widget-container\">\n\t\t\t\t\t<div><iframe width=\"100%\" height=\"800\" src=\"https:\/\/judosindelfingen.de\/wp-content\/plugins\/wp-media-folder\/class\/templates\/pdf-embed.php?file=https%3A%2F%2Fjudosindelfingen.de%2Fwp-content%2Fuploads%2F2025%2F03%2FTrainingsplan_VfLSindelfingen_09092024.pdf&#038;plugins_url=https%3A%2F%2Fjudosindelfingen.de%2Fwp-content%2Fplugins%2Fwp-media-folder%2F\" title=\"Embedded PDF\" class=\"wpmf-pdfjs-iframe\"><\/iframe><\/div>\t\t\t\t<\/div>\n\t\t\t\t<\/div>\n\t\t\t\t<\/div>\n\t\t<div class=\"elementor-element elementor-element-51efe8a e-con-full e-flex e-con e-child\" data-id=\"51efe8a\" data-element_type=\"container\" data-e-type=\"container\" data-settings=\"{&quot;ekit_has_onepagescroll_dot&quot;:&quot;yes&quot;}\">\n\t\t\t\t<div class=\"elementor-element elementor-element-e00117a elementor-widget elementor-widget-heading\" data-id=\"e00117a\" data-element_type=\"widget\" data-e-type=\"widget\" data-settings=\"{&quot;ekit_we_effect_on&quot;:&quot;none&quot;}\" data-widget_type=\"heading.default\">\n\t\t\t\t<div class=\"elementor-widget-container\">\n\t\t\t\t\t<h2 class=\"elementor-heading-title elementor-size-default\">U11 - U13 - U15<\/h2>\t\t\t\t<\/div>\n\t\t\t\t<\/div>\n\t\t\t\t<div class=\"elementor-element elementor-element-3f9302f elementor-widget elementor-widget-wpmf_pdf_embed\" data-id=\"3f9302f\" data-element_type=\"widget\" data-e-type=\"widget\" data-settings=\"{&quot;ekit_we_effect_on&quot;:&quot;none&quot;}\" data-widget_type=\"wpmf_pdf_embed.default\">\n\t\t\t\t<div class=\"elementor-widget-container\">\n\t\t\t\t\t<div><iframe width=\"100%\" height=\"800\" src=\"https:\/\/judosindelfingen.de\/wp-content\/plugins\/wp-media-folder\/class\/templates\/pdf-embed.php?file=https%3A%2F%2Fjudosindelfingen.de%2Fwp-content%2Fuploads%2F2025%2F03%2FTrainingsplan_VfLSindelfingen_09092024.pdf&#038;plugins_url=https%3A%2F%2Fjudosindelfingen.de%2Fwp-content%2Fplugins%2Fwp-media-folder%2F\" title=\"Embedded PDF\" class=\"wpmf-pdfjs-iframe\"><\/iframe><\/div>\t\t\t\t<\/div>\n\t\t\t\t<\/div>\n\t\t\t\t<\/div>\n\t\t<div class=\"elementor-element elementor-element-1cac8c2 e-con-full e-flex e-con e-child\" data-id=\"1cac8c2\" data-element_type=\"container\" data-e-type=\"container\" data-settings=\"{&quot;ekit_has_onepagescroll_dot&quot;:&quot;yes&quot;}\">\n\t\t\t\t<div class=\"elementor-element elementor-element-6ac47dd elementor-widget elementor-widget-heading\" data-id=\"6ac47dd\" data-element_type=\"widget\" data-e-type=\"widget\" data-settings=\"{&quot;ekit_we_effect_on&quot;:&quot;none&quot;}\" data-widget_type=\"heading.default\">\n\t\t\t\t<div class=\"elementor-widget-container\">\n\t\t\t\t\t<h2 class=\"elementor-heading-title elementor-size-default\">U18+<\/h2>\t\t\t\t<\/div>\n\t\t\t\t<\/div>\n\t\t\t\t<div class=\"elementor-element elementor-element-91a7308 elementor-widget elementor-widget-wpmf_pdf_embed\" data-id=\"91a7308\" data-element_type=\"widget\" data-e-type=\"widget\" data-settings=\"{&quot;ekit_we_effect_on&quot;:&quot;none&quot;}\" data-widget_type=\"wpmf_pdf_embed.default\">\n\t\t\t\t<div class=\"elementor-widget-container\">\n\t\t\t\t\t<div><iframe width=\"100%\" height=\"800\" src=\"https:\/\/judosindelfingen.de\/wp-content\/plugins\/wp-media-folder\/class\/templates\/pdf-embed.php?file=https%3A%2F%2Fjudosindelfingen.de%2Fwp-content%2Fuploads%2F2025%2F03%2FTrainingsplan_VfLSindelfingen_09092024.pdf&#038;plugins_url=https%3A%2F%2Fjudosindelfingen.de%2Fwp-content%2Fplugins%2Fwp-media-folder%2F\" title=\"Embedded PDF\" class=\"wpmf-pdfjs-iframe\"><\/iframe><\/div>\t\t\t\t<\/div>\n\t\t\t\t<\/div>\n\t\t\t\t<\/div>\n\t\t\t\t\t<\/div>\n\t\t\t\t<\/div>\n\t\t\t\t<section class=\"elementor-section elementor-top-section elementor-element elementor-element-c215065 elementor-section-boxed elementor-section-height-default elementor-section-height-default\" data-id=\"c215065\" data-element_type=\"section\" data-e-type=\"section\" data-settings=\"{&quot;ekit_has_onepagescroll_dot&quot;:&quot;yes&quot;}\">\n\t\t\t\t\t\t<div class=\"elementor-container elementor-column-gap-default\">\n\t\t\t\t\t<div class=\"elementor-column elementor-col-100 elementor-top-column elementor-element elementor-element-1b4951a\" data-id=\"1b4951a\" data-element_type=\"column\" data-e-type=\"column\">\n\t\t\t<div class=\"elementor-widget-wrap elementor-element-populated\">\n\t\t\t\t\t\t<div class=\"elementor-element elementor-element-481008b elementor-widget elementor-widget-heading\" data-id=\"481008b\" data-element_type=\"widget\" data-e-type=\"widget\" data-settings=\"{&quot;ekit_we_effect_on&quot;:&quot;none&quot;}\" data-widget_type=\"heading.default\">\n\t\t\t\t<div class=\"elementor-widget-container\">\n\t\t\t\t\t<h2 class=\"elementor-heading-title elementor-size-default\">Questions about training<\/h2>\t\t\t\t<\/div>\n\t\t\t\t<\/div>\n\t\t\t\t<div class=\"elementor-element elementor-element-42660f4 elementor-widget elementor-widget-text-editor\" data-id=\"42660f4\" data-element_type=\"widget\" data-e-type=\"widget\" data-settings=\"{&quot;ekit_we_effect_on&quot;:&quot;none&quot;}\" data-widget_type=\"text-editor.default\">\n\t\t\t\t<div class=\"elementor-widget-container\">\n\t\t\t\t\t\t\t\t\t<p>For any questions about training, you are welcome to speak directly to the coaches on site or contact our office in advance by email or phone.<\/p><p>If you are interested in a trial training session, you can drop by the Glaspalast at any time. The best outfit is long sweatpants and a simple T-shirt.\nJust arrive a few minutes before the training session in the dojo and speak to the respective coach, who will be happy to answer all your questions.\u00a0<\/p>\t\t\t\t\t\t\t\t<\/div>\n\t\t\t\t<\/div>\n\t\t\t\t\t<\/div>\n\t\t<\/div>\n\t\t\t\t\t<\/div>\n\t\t<\/section>\n\t\t\t\t<\/div>","protected":false},"excerpt":{"rendered":"<p>Trainingszeiten der Judoabteilung Gesamtplan Kita &#8211; U6 &#8211; U9 U11 &#8211; U13 &#8211; U15 U18+ Fragen zum Training Bei allen Fragen zum Training k\u00f6nnen sie sich gerne vor Ort an die Trainer oder im Vorfeld per Mail oder Telefon an unsere Gesch\u00e4ftsstelle wenden. Sollten sie Interesse an einem Probetraining haben k\u00f6nnen sie auch jederzeit einfach [&hellip;]<\/p>\n","protected":false},"author":1,"featured_media":0,"parent":1041045,"menu_order":0,"comment_status":"closed","ping_status":"closed","template":"elementor_header_footer","meta":{"_acf_changed":false,"footnotes":""},"class_list":["post-1041047","page","type-page","status-publish","hentry"],"acf":[],"_links":{"self":[{"href":"https:\/\/judosindelfingen.de\/en\/wp-json\/wp\/v2\/pages\/1041047","targetHints":{"allow":["GET"]}}],"collection":[{"href":"https:\/\/judosindelfingen.de\/en\/wp-json\/wp\/v2\/pages"}],"about":[{"href":"https:\/\/judosindelfingen.de\/en\/wp-json\/wp\/v2\/types\/page"}],"author":[{"embeddable":true,"href":"https:\/\/judosindelfingen.de\/en\/wp-json\/wp\/v2\/users\/1"}],"replies":[{"embeddable":true,"href":"https:\/\/judosindelfingen.de\/en\/wp-json\/wp\/v2\/comments?post=1041047"}],"version-history":[{"count":25,"href":"https:\/\/judosindelfingen.de\/en\/wp-json\/wp\/v2\/pages\/1041047\/revisions"}],"predecessor-version":[{"id":1048692,"href":"https:\/\/judosindelfingen.de\/en\/wp-json\/wp\/v2\/pages\/1041047\/revisions\/1048692"}],"up":[{"embeddable":true,"href":"https:\/\/judosindelfingen.de\/en\/wp-json\/wp\/v2\/pages\/1041045"}],"wp:attachment":[{"href":"https:\/\/judosindelfingen.de\/en\/wp-json\/wp\/v2\/media?parent=1041047"}],"curies":[{"name":"wp","href":"https:\/\/api.w.org\/{rel}","templated":true}]}}