{"id":1041045,"date":"2021-04-06T10:23:51","date_gmt":"2021-04-06T08:23:51","guid":{"rendered":"http:\/\/judosindelfingen.de.w01acd2f.kasserver.com\/?page_id=1041045"},"modified":"2025-04-01T10:24:04","modified_gmt":"2025-04-01T08:24:04","slug":"training","status":"publish","type":"page","link":"https:\/\/judosindelfingen.de\/en\/training\/","title":{"rendered":"Training"},"content":{"rendered":"<div data-elementor-type=\"wp-page\" data-elementor-id=\"1041045\" class=\"elementor elementor-1041045\" data-elementor-post-type=\"page\">\n\t\t\t\t\t\t<section class=\"elementor-section elementor-top-section elementor-element elementor-element-245171a elementor-section-height-min-height elementor-section-boxed elementor-section-height-default elementor-section-items-middle\" data-id=\"245171a\" data-element_type=\"section\" data-e-type=\"section\" data-settings=\"{&quot;background_background&quot;:&quot;classic&quot;,&quot;ekit_has_onepagescroll_dot&quot;:&quot;yes&quot;}\">\n\t\t\t\t\t\t\t<div class=\"elementor-background-overlay\"><\/div>\n\t\t\t\t\t\t\t<div class=\"elementor-container elementor-column-gap-default\">\n\t\t\t\t\t<div class=\"elementor-column elementor-col-100 elementor-top-column elementor-element elementor-element-a6e0143\" data-id=\"a6e0143\" data-element_type=\"column\" data-e-type=\"column\">\n\t\t\t<div class=\"elementor-widget-wrap elementor-element-populated\">\n\t\t\t\t\t\t<div class=\"elementor-element elementor-element-79f5bff elementor-widget elementor-widget-heading\" data-id=\"79f5bff\" data-element_type=\"widget\" data-e-type=\"widget\" data-settings=\"{&quot;ekit_we_effect_on&quot;:&quot;none&quot;}\" data-widget_type=\"heading.default\">\n\t\t\t\t<div class=\"elementor-widget-container\">\n\t\t\t\t\t<h1 class=\"elementor-heading-title elementor-size-default\">Judo at VfL Sindelfingen<\/h1>\t\t\t\t<\/div>\n\t\t\t\t<\/div>\n\t\t\t\t\t<\/div>\n\t\t<\/div>\n\t\t\t\t\t<\/div>\n\t\t<\/section>\n\t\t\t\t<section class=\"elementor-section elementor-top-section elementor-element elementor-element-a716c60 elementor-section-boxed elementor-section-height-default elementor-section-height-default\" data-id=\"a716c60\" data-element_type=\"section\" data-e-type=\"section\" data-settings=\"{&quot;background_background&quot;:&quot;classic&quot;,&quot;ekit_has_onepagescroll_dot&quot;:&quot;yes&quot;}\">\n\t\t\t\t\t\t<div class=\"elementor-container elementor-column-gap-default\">\n\t\t\t\t\t<div class=\"elementor-column elementor-col-100 elementor-top-column elementor-element elementor-element-f4cdba4\" data-id=\"f4cdba4\" data-element_type=\"column\" data-e-type=\"column\">\n\t\t\t<div class=\"elementor-widget-wrap elementor-element-populated\">\n\t\t\t\t\t\t<section class=\"elementor-section elementor-inner-section elementor-element elementor-element-a71c196 elementor-section-boxed elementor-section-height-default elementor-section-height-default\" data-id=\"a71c196\" data-element_type=\"section\" data-e-type=\"section\" data-settings=\"{&quot;ekit_has_onepagescroll_dot&quot;:&quot;yes&quot;}\">\n\t\t\t\t\t\t<div class=\"elementor-container elementor-column-gap-default\">\n\t\t\t\t\t<div class=\"elementor-column elementor-col-50 elementor-inner-column elementor-element elementor-element-4251129\" data-id=\"4251129\" data-element_type=\"column\" data-e-type=\"column\">\n\t\t\t<div class=\"elementor-widget-wrap elementor-element-populated\">\n\t\t\t\t\t\t<div class=\"elementor-element elementor-element-0948e3a elementor-widget elementor-widget-image\" data-id=\"0948e3a\" data-element_type=\"widget\" data-e-type=\"widget\" data-settings=\"{&quot;ekit_we_effect_on&quot;:&quot;none&quot;}\" data-widget_type=\"image.default\">\n\t\t\t\t<div class=\"elementor-widget-container\">\n\t\t\t\t\t\t\t\t\t\t\t\t\t\t\t<img fetchpriority=\"high\" decoding=\"async\" width=\"800\" height=\"534\" src=\"https:\/\/judosindelfingen.de\/wp-content\/uploads\/2022\/07\/X_FAN_4569-12-1024x683.jpg\" class=\"attachment-large size-large wp-image-1044692\" alt=\"\" srcset=\"https:\/\/judosindelfingen.de\/wp-content\/uploads\/2022\/07\/X_FAN_4569-12-1024x683.jpg 1024w, https:\/\/judosindelfingen.de\/wp-content\/uploads\/2022\/07\/X_FAN_4569-12-300x200.jpg 300w, https:\/\/judosindelfingen.de\/wp-content\/uploads\/2022\/07\/X_FAN_4569-12-768x513.jpg 768w, https:\/\/judosindelfingen.de\/wp-content\/uploads\/2022\/07\/X_FAN_4569-12-391x260.jpg 391w, https:\/\/judosindelfingen.de\/wp-content\/uploads\/2022\/07\/X_FAN_4569-12-1536x1025.jpg 1536w, https:\/\/judosindelfingen.de\/wp-content\/uploads\/2022\/07\/X_FAN_4569-12-2048x1367.jpg 2048w\" sizes=\"(max-width: 800px) 100vw, 800px\" \/>\t\t\t\t\t\t\t\t\t\t\t\t\t\t\t<\/div>\n\t\t\t\t<\/div>\n\t\t\t\t\t<\/div>\n\t\t<\/div>\n\t\t\t\t<div class=\"elementor-column elementor-col-50 elementor-inner-column elementor-element elementor-element-56af433\" data-id=\"56af433\" data-element_type=\"column\" data-e-type=\"column\">\n\t\t\t<div class=\"elementor-widget-wrap elementor-element-populated\">\n\t\t\t\t\t\t<div class=\"elementor-element elementor-element-7d88f33 elementor-widget elementor-widget-text-editor\" data-id=\"7d88f33\" data-element_type=\"widget\" data-e-type=\"widget\" data-settings=\"{&quot;ekit_we_effect_on&quot;:&quot;none&quot;}\" data-widget_type=\"text-editor.default\">\n\t\t\t\t<div class=\"elementor-widget-container\">\n\t\t\t\t\t\t\t\t\t<p>You want to try judo? Then come visit us at the Glaspalast.<\/p><p>For that, all you need is a pair of long jogging pants, a T-shirt, and something to drink (water is best).\nCome by our dojo about 10 minutes before training. Put on your sports clothes and wash your hands, feet, and face with water \u2014 because we\u2019ll be training on the judo mat.<\/p><p>After that, just talk to the coach on site and ask how to get started. You\u2019re also welcome to simply watch the first session or join in for parts of the exercises. The same goes for our women\u2019s fitness and athletic training sessions.\u00a0<\/p><p>You parents can watch either from outside or from our dojo\u2019s front area. In the front area, you\u2019ll also find our service desk \u2014 the friendly staff there will be happy to answer your questions as best they can.<\/p><p>After training, you can use the showers.\nImportant: please don\u2019t step onto the mat in your street clothes.\u00a0<\/p><p>\u00a0<\/p>\t\t\t\t\t\t\t\t<\/div>\n\t\t\t\t<\/div>\n\t\t\t\t\t<\/div>\n\t\t<\/div>\n\t\t\t\t\t<\/div>\n\t\t<\/section>\n\t\t\t\t\t<\/div>\n\t\t<\/div>\n\t\t\t\t\t<\/div>\n\t\t<\/section>\n\t\t\t\t<\/div>","protected":false},"excerpt":{"rendered":"<p>Judo im VfL Sindelfingen Ihr wollt Judo ausprobieren? Dann kommt bei uns im Glaspalast vorbei. Daf\u00fcr braucht ihr nur eine lange Jogginhose, ein T-Shirt und etwas zu Trinken (am besten Wasser). Kommt ca. 10 Minuten vor dem Training bei uns im Dojo vorbei. Zieht eure Sportklamotten an und wascht euch die H\u00e4nde, F\u00fc\u00dfe und das [&hellip;]<\/p>\n","protected":false},"author":1,"featured_media":0,"parent":0,"menu_order":13,"comment_status":"closed","ping_status":"closed","template":"elementor_header_footer","meta":{"_acf_changed":false,"footnotes":""},"class_list":["post-1041045","page","type-page","status-publish","hentry"],"acf":[],"_links":{"self":[{"href":"https:\/\/judosindelfingen.de\/en\/wp-json\/wp\/v2\/pages\/1041045","targetHints":{"allow":["GET"]}}],"collection":[{"href":"https:\/\/judosindelfingen.de\/en\/wp-json\/wp\/v2\/pages"}],"about":[{"href":"https:\/\/judosindelfingen.de\/en\/wp-json\/wp\/v2\/types\/page"}],"author":[{"embeddable":true,"href":"https:\/\/judosindelfingen.de\/en\/wp-json\/wp\/v2\/users\/1"}],"replies":[{"embeddable":true,"href":"https:\/\/judosindelfingen.de\/en\/wp-json\/wp\/v2\/comments?post=1041045"}],"version-history":[{"count":16,"href":"https:\/\/judosindelfingen.de\/en\/wp-json\/wp\/v2\/pages\/1041045\/revisions"}],"predecessor-version":[{"id":1044838,"href":"https:\/\/judosindelfingen.de\/en\/wp-json\/wp\/v2\/pages\/1041045\/revisions\/1044838"}],"wp:attachment":[{"href":"https:\/\/judosindelfingen.de\/en\/wp-json\/wp\/v2\/media?parent=1041045"}],"curies":[{"name":"wp","href":"https:\/\/api.w.org\/{rel}","templated":true}]}}