{"id":1041035,"date":"2021-04-06T10:22:38","date_gmt":"2021-04-06T08:22:38","guid":{"rendered":"http:\/\/judosindelfingen.de.w01acd2f.kasserver.com\/?page_id=1041035"},"modified":"2025-04-01T10:24:04","modified_gmt":"2025-04-01T08:24:04","slug":"judo","status":"publish","type":"page","link":"https:\/\/judosindelfingen.de\/en\/judo\/","title":{"rendered":"Judo"},"content":{"rendered":"<div data-elementor-type=\"wp-page\" data-elementor-id=\"1041035\" class=\"elementor elementor-1041035\" data-elementor-post-type=\"page\">\n\t\t\t\t\t\t<section class=\"elementor-section elementor-top-section elementor-element elementor-element-245171a elementor-section-height-min-height elementor-section-boxed elementor-section-height-default elementor-section-items-middle\" data-id=\"245171a\" data-element_type=\"section\" data-e-type=\"section\" data-settings=\"{&quot;background_background&quot;:&quot;classic&quot;,&quot;ekit_has_onepagescroll_dot&quot;:&quot;yes&quot;}\">\n\t\t\t\t\t\t\t<div class=\"elementor-background-overlay\"><\/div>\n\t\t\t\t\t\t\t<div class=\"elementor-container elementor-column-gap-default\">\n\t\t\t\t\t<div class=\"elementor-column elementor-col-100 elementor-top-column elementor-element elementor-element-a6e0143\" data-id=\"a6e0143\" data-element_type=\"column\" data-e-type=\"column\">\n\t\t\t<div class=\"elementor-widget-wrap elementor-element-populated\">\n\t\t\t\t\t\t<div class=\"elementor-element elementor-element-79f5bff elementor-widget elementor-widget-heading\" data-id=\"79f5bff\" data-element_type=\"widget\" data-e-type=\"widget\" data-settings=\"{&quot;ekit_we_effect_on&quot;:&quot;none&quot;}\" data-widget_type=\"heading.default\">\n\t\t\t\t<div class=\"elementor-widget-container\">\n\t\t\t\t\t<h1 class=\"elementor-heading-title elementor-size-default\">Judo<\/h1>\t\t\t\t<\/div>\n\t\t\t\t<\/div>\n\t\t\t\t<div class=\"elementor-element elementor-element-fce2644 elementor-widget elementor-widget-heading\" data-id=\"fce2644\" data-element_type=\"widget\" data-e-type=\"widget\" data-settings=\"{&quot;ekit_we_effect_on&quot;:&quot;none&quot;}\" data-widget_type=\"heading.default\">\n\t\t\t\t<div class=\"elementor-widget-container\">\n\t\t\t\t\t<h2 class=\"elementor-heading-title elementor-size-default\">within VfL and general matters<\/h2>\t\t\t\t<\/div>\n\t\t\t\t<\/div>\n\t\t\t\t\t<\/div>\n\t\t<\/div>\n\t\t\t\t\t<\/div>\n\t\t<\/section>\n\t\t\t\t<section class=\"elementor-section elementor-top-section elementor-element elementor-element-a716c60 elementor-section-boxed elementor-section-height-default elementor-section-height-default\" data-id=\"a716c60\" data-element_type=\"section\" data-e-type=\"section\" data-settings=\"{&quot;background_background&quot;:&quot;classic&quot;,&quot;ekit_has_onepagescroll_dot&quot;:&quot;yes&quot;}\">\n\t\t\t\t\t\t<div class=\"elementor-container elementor-column-gap-default\">\n\t\t\t\t\t<div class=\"elementor-column elementor-col-100 elementor-top-column elementor-element elementor-element-f4cdba4\" data-id=\"f4cdba4\" data-element_type=\"column\" data-e-type=\"column\">\n\t\t\t<div class=\"elementor-widget-wrap elementor-element-populated\">\n\t\t\t\t\t\t<section class=\"elementor-section elementor-inner-section elementor-element elementor-element-48cb0ae elementor-section-boxed elementor-section-height-default elementor-section-height-default\" data-id=\"48cb0ae\" data-element_type=\"section\" data-e-type=\"section\" data-settings=\"{&quot;ekit_has_onepagescroll_dot&quot;:&quot;yes&quot;}\">\n\t\t\t\t\t\t<div class=\"elementor-container elementor-column-gap-default\">\n\t\t\t\t\t<div class=\"elementor-column elementor-col-50 elementor-inner-column elementor-element elementor-element-d3e220d\" data-id=\"d3e220d\" data-element_type=\"column\" data-e-type=\"column\">\n\t\t\t<div class=\"elementor-widget-wrap elementor-element-populated\">\n\t\t\t\t\t\t<div class=\"elementor-element elementor-element-529d88d elementor-widget elementor-widget-image\" data-id=\"529d88d\" data-element_type=\"widget\" data-e-type=\"widget\" data-settings=\"{&quot;ekit_we_effect_on&quot;:&quot;none&quot;}\" data-widget_type=\"image.default\">\n\t\t\t\t<div class=\"elementor-widget-container\">\n\t\t\t\t\t\t\t\t\t\t\t\t\t\t\t<img fetchpriority=\"high\" decoding=\"async\" width=\"800\" height=\"534\" src=\"https:\/\/judosindelfingen.de\/wp-content\/uploads\/2022\/07\/X_FAN_4569-7-1024x684.jpg\" class=\"attachment-large size-large wp-image-1044697\" alt=\"\" srcset=\"https:\/\/judosindelfingen.de\/wp-content\/uploads\/2022\/07\/X_FAN_4569-7-1024x684.jpg 1024w, https:\/\/judosindelfingen.de\/wp-content\/uploads\/2022\/07\/X_FAN_4569-7-300x200.jpg 300w, https:\/\/judosindelfingen.de\/wp-content\/uploads\/2022\/07\/X_FAN_4569-7-768x513.jpg 768w, https:\/\/judosindelfingen.de\/wp-content\/uploads\/2022\/07\/X_FAN_4569-7-391x260.jpg 391w, https:\/\/judosindelfingen.de\/wp-content\/uploads\/2022\/07\/X_FAN_4569-7-1536x1025.jpg 1536w, https:\/\/judosindelfingen.de\/wp-content\/uploads\/2022\/07\/X_FAN_4569-7-2048x1367.jpg 2048w\" sizes=\"(max-width: 800px) 100vw, 800px\" \/>\t\t\t\t\t\t\t\t\t\t\t\t\t\t\t<\/div>\n\t\t\t\t<\/div>\n\t\t\t\t\t<\/div>\n\t\t<\/div>\n\t\t\t\t<div class=\"elementor-column elementor-col-50 elementor-inner-column elementor-element elementor-element-a696f04\" data-id=\"a696f04\" data-element_type=\"column\" data-e-type=\"column\">\n\t\t\t<div class=\"elementor-widget-wrap elementor-element-populated\">\n\t\t\t\t\t\t<div class=\"elementor-element elementor-element-2879f65 elementor-widget elementor-widget-text-editor\" data-id=\"2879f65\" data-element_type=\"widget\" data-e-type=\"widget\" data-settings=\"{&quot;ekit_we_effect_on&quot;:&quot;none&quot;}\" data-widget_type=\"text-editor.default\">\n\t\t\t\t<div class=\"elementor-widget-container\">\n\t\t\t\t\t\t\t\t\t<p><span style=\"color: var( --e-global-color-text ); font-family: var( --e-global-typography-text-font-family ), Sans-serif;\">\u00a0Judo is a Japanese and Olympic martial art (j\u016bd\u014d, literally \u201cgentle way\u201d) whose principle is \u201cwinning by yielding\u201d or \u201cmaximum efficiency with minimum effort.\u201d<\/span><\/p><p>Judo is not only a way to keep physically fit, but also a philosophy for personal development. A Judo master practices Judo in this sense even when not inside the training hall (Jap.\u00a0<a title=\"D\u014dj\u014d\" href=\"https:\/\/de.wikipedia.org\/wiki\/D%C5%8Dj%C5%8D\">D\u014dj\u014d<\/a>) Two philosophical principles form the essential foundation of Judo: mutual help and understanding for the progress and well-being of both partners (jita ky\u014dei,\u00a0<span lang=\"ja-Jpan\">\u81ea\u4ed6\u5171\u6804)<\/span>and the best possible use of body and mind (seiryoku zen\u2019y\u014d,\u00a0<span lang=\"ja-Jpan\">\u7cbe\u529b\u5584\u7528<\/span>).<\/p><p>This is reflected in the ten Judo values of the Deutscher Judo-Bund, which we also embrace.\u00a0<\/p>\t\t\t\t\t\t\t\t<\/div>\n\t\t\t\t<\/div>\n\t\t\t\t\t<\/div>\n\t\t<\/div>\n\t\t\t\t\t<\/div>\n\t\t<\/section>\n\t\t\t\t\t<\/div>\n\t\t<\/div>\n\t\t\t\t\t<\/div>\n\t\t<\/section>\n\t\t\t\t<\/div>","protected":false},"excerpt":{"rendered":"<p>Judo Im VfL und Allgemeines \u00a0Judo ist eine japanische und olympische Kampfsportart (j\u016bd\u014d, w\u00f6rtlich \u201esanfter Weg\u201c),\u00a0deren Prinzip \u201eSiegen durch Nachgeben\u201c beziehungsweise \u201emaximale Wirkung bei einem Minimum an Aufwand\u201c ist. Judo ist nicht nur ein Weg zur Leibesert\u00fcchtigung, sondern dar\u00fcber hinaus auch eine Philosophie zur Pers\u00f6nlichkeitsentwicklung. Ein Judo-Meister praktiziert in diesem Sinne auch dann Judo, wenn [&hellip;]<\/p>\n","protected":false},"author":1,"featured_media":0,"parent":0,"menu_order":10,"comment_status":"closed","ping_status":"closed","template":"elementor_header_footer","meta":{"_acf_changed":false,"footnotes":""},"class_list":["post-1041035","page","type-page","status-publish","hentry"],"acf":[],"_links":{"self":[{"href":"https:\/\/judosindelfingen.de\/en\/wp-json\/wp\/v2\/pages\/1041035","targetHints":{"allow":["GET"]}}],"collection":[{"href":"https:\/\/judosindelfingen.de\/en\/wp-json\/wp\/v2\/pages"}],"about":[{"href":"https:\/\/judosindelfingen.de\/en\/wp-json\/wp\/v2\/types\/page"}],"author":[{"embeddable":true,"href":"https:\/\/judosindelfingen.de\/en\/wp-json\/wp\/v2\/users\/1"}],"replies":[{"embeddable":true,"href":"https:\/\/judosindelfingen.de\/en\/wp-json\/wp\/v2\/comments?post=1041035"}],"version-history":[{"count":4,"href":"https:\/\/judosindelfingen.de\/en\/wp-json\/wp\/v2\/pages\/1041035\/revisions"}],"predecessor-version":[{"id":1044700,"href":"https:\/\/judosindelfingen.de\/en\/wp-json\/wp\/v2\/pages\/1041035\/revisions\/1044700"}],"wp:attachment":[{"href":"https:\/\/judosindelfingen.de\/en\/wp-json\/wp\/v2\/media?parent=1041035"}],"curies":[{"name":"wp","href":"https:\/\/api.w.org\/{rel}","templated":true}]}}