{"id":1040931,"date":"2021-04-06T10:13:56","date_gmt":"2021-04-06T08:13:56","guid":{"rendered":"http:\/\/judosindelfingen.de.w01acd2f.kasserver.com\/?page_id=1040931"},"modified":"2025-04-01T10:24:04","modified_gmt":"2025-04-01T08:24:04","slug":"ueber-uns","status":"publish","type":"page","link":"https:\/\/judosindelfingen.de\/en\/ueber-uns\/","title":{"rendered":"About us"},"content":{"rendered":"<div data-elementor-type=\"wp-page\" data-elementor-id=\"1040931\" class=\"elementor elementor-1040931\" data-elementor-post-type=\"page\">\n\t\t\t\t\t\t<section class=\"elementor-section elementor-top-section elementor-element elementor-element-245171a elementor-section-height-min-height elementor-section-boxed elementor-section-height-default elementor-section-items-middle\" data-id=\"245171a\" data-element_type=\"section\" data-e-type=\"section\" data-settings=\"{&quot;background_background&quot;:&quot;classic&quot;,&quot;ekit_has_onepagescroll_dot&quot;:&quot;yes&quot;}\">\n\t\t\t\t\t\t\t<div class=\"elementor-background-overlay\"><\/div>\n\t\t\t\t\t\t\t<div class=\"elementor-container elementor-column-gap-default\">\n\t\t\t\t\t<div class=\"elementor-column elementor-col-100 elementor-top-column elementor-element elementor-element-a6e0143\" data-id=\"a6e0143\" data-element_type=\"column\" data-e-type=\"column\">\n\t\t\t<div class=\"elementor-widget-wrap elementor-element-populated\">\n\t\t\t\t\t\t<div class=\"elementor-element elementor-element-79f5bff elementor-widget elementor-widget-heading\" data-id=\"79f5bff\" data-element_type=\"widget\" data-e-type=\"widget\" data-settings=\"{&quot;ekit_we_effect_on&quot;:&quot;none&quot;}\" data-widget_type=\"heading.default\">\n\t\t\t\t<div class=\"elementor-widget-container\">\n\t\t\t\t\t<h1 class=\"elementor-heading-title elementor-size-default\">Wir \u00fcber uns<\/h1>\t\t\t\t<\/div>\n\t\t\t\t<\/div>\n\t\t\t\t<div class=\"elementor-element elementor-element-fce2644 elementor-widget elementor-widget-heading\" data-id=\"fce2644\" data-element_type=\"widget\" data-e-type=\"widget\" data-settings=\"{&quot;ekit_we_effect_on&quot;:&quot;none&quot;}\" data-widget_type=\"heading.default\">\n\t\t\t\t<div class=\"elementor-widget-container\">\n\t\t\t\t\t<h2 class=\"elementor-heading-title elementor-size-default\">Ein Verein f\u00fcr alle<\/h2>\t\t\t\t<\/div>\n\t\t\t\t<\/div>\n\t\t\t\t\t<\/div>\n\t\t<\/div>\n\t\t\t\t\t<\/div>\n\t\t<\/section>\n\t\t\t\t<section class=\"elementor-section elementor-top-section elementor-element elementor-element-a716c60 elementor-section-boxed elementor-section-height-default elementor-section-height-default\" data-id=\"a716c60\" data-element_type=\"section\" data-e-type=\"section\" data-settings=\"{&quot;background_background&quot;:&quot;classic&quot;,&quot;ekit_has_onepagescroll_dot&quot;:&quot;yes&quot;}\">\n\t\t\t\t\t\t<div class=\"elementor-container elementor-column-gap-default\">\n\t\t\t\t\t<div class=\"elementor-column elementor-col-100 elementor-top-column elementor-element elementor-element-f4cdba4\" data-id=\"f4cdba4\" data-element_type=\"column\" data-e-type=\"column\">\n\t\t\t<div class=\"elementor-widget-wrap elementor-element-populated\">\n\t\t\t\t\t\t<div class=\"elementor-element elementor-element-f154a18 elementor-widget elementor-widget-text-editor\" data-id=\"f154a18\" data-element_type=\"widget\" data-e-type=\"widget\" data-settings=\"{&quot;ekit_we_effect_on&quot;:&quot;none&quot;}\" data-widget_type=\"text-editor.default\">\n\t\t\t\t<div class=\"elementor-widget-container\">\n\t\t\t\t\t\t\t\t\t<p>Als Verein, Judoabteilung und zweite Familie begleiten wir unsere Mitglieder und Freunde\u00a0mit einer Vielzahl an Angeboten, im sportlichen als auch nicht sportlichen Bereich, und das\u00a0ein Leben lang und f\u00fcr alle Lebensphasen. Hierf\u00fcr bieten wir differenzierte M\u00f6glichkeiten\u00a0und setzen auf ein breites Spektrum im Vereinsleben.<\/p><p>Wir m\u00f6chten unsere Mitglieder dabei unterst\u00fctzen, sich sowohl sportlich als auch pers\u00f6nlich\u00a0stets weiter zu entwickeln. Hierzu f\u00f6rdern wir neben den sportlichen Aspekten (z. B.\u00a0Wettkampf- und Leistungssport) auch Aspekte am Vereinsleben und die damit verbundenen\u00a0Entwicklungsm\u00f6glichkeiten.<\/p><p>Drei unserer vielen Erfolgsstorys sind, dass wir als VfL Sindelfingen jedes Jahr eines der\u00a0gr\u00f6\u00dften Turniere in S\u00fcddeutschland, das ITG im Glasplast, ausrichten k\u00f6nnen, in der JUDO\u00a0Bundesliga mit einem sehr breiten Kader aus Eigengew\u00e4chsen an den Start gehen k\u00f6nnen\u00a0und das sich der Vorstand der Judoabteilung, gr\u00f6\u00dftenteils, aus Sportlern zusammensetzt, die\u00a0als Kinder \/ Jugendliche beim VfL Sindelfingen, durch den Judo- und Wettkampfsport,\u00a0gepr\u00e4gt wurden und diese Werte an die kommende Generation weitergeben m\u00f6chte.<\/p><p>Neben dem Training in allen Altersklassen, den VfL-Judo Sportevents (z. B. Turniere und\u00a0Trainingslager), der Vereinsarbeit, die durch unseren vielen Ehrenamtliche unterst\u00fctzt und getragen wird, gibt es verschiedene Events (z. B. die Weihnachtsfeier, die Halloween Party\u00a0und das Sommerfest) bei der wir als Judofamilie und -freunde zusammenkommen, um\u00a0gemeinsam Spa\u00df zu haben.<\/p>\t\t\t\t\t\t\t\t<\/div>\n\t\t\t\t<\/div>\n\t\t\t\t\t<\/div>\n\t\t<\/div>\n\t\t\t\t\t<\/div>\n\t\t<\/section>\n\t\t\t\t<\/div>","protected":false},"excerpt":{"rendered":"<p>Wir \u00fcber uns Ein Verein f\u00fcr alle Als Verein, Judoabteilung und zweite Familie begleiten wir unsere Mitglieder und Freunde\u00a0mit einer Vielzahl an Angeboten, im sportlichen als auch nicht sportlichen Bereich, und das\u00a0ein Leben lang und f\u00fcr alle Lebensphasen. Hierf\u00fcr bieten wir differenzierte M\u00f6glichkeiten\u00a0und setzen auf ein breites Spektrum im Vereinsleben. Wir m\u00f6chten unsere Mitglieder dabei [&hellip;]<\/p>\n","protected":false},"author":1,"featured_media":0,"parent":0,"menu_order":14,"comment_status":"closed","ping_status":"closed","template":"elementor_header_footer","meta":{"_acf_changed":false,"footnotes":""},"class_list":["post-1040931","page","type-page","status-publish","hentry"],"acf":[],"_links":{"self":[{"href":"https:\/\/judosindelfingen.de\/en\/wp-json\/wp\/v2\/pages\/1040931","targetHints":{"allow":["GET"]}}],"collection":[{"href":"https:\/\/judosindelfingen.de\/en\/wp-json\/wp\/v2\/pages"}],"about":[{"href":"https:\/\/judosindelfingen.de\/en\/wp-json\/wp\/v2\/types\/page"}],"author":[{"embeddable":true,"href":"https:\/\/judosindelfingen.de\/en\/wp-json\/wp\/v2\/users\/1"}],"replies":[{"embeddable":true,"href":"https:\/\/judosindelfingen.de\/en\/wp-json\/wp\/v2\/comments?post=1040931"}],"version-history":[{"count":10,"href":"https:\/\/judosindelfingen.de\/en\/wp-json\/wp\/v2\/pages\/1040931\/revisions"}],"predecessor-version":[{"id":1044623,"href":"https:\/\/judosindelfingen.de\/en\/wp-json\/wp\/v2\/pages\/1040931\/revisions\/1044623"}],"wp:attachment":[{"href":"https:\/\/judosindelfingen.de\/en\/wp-json\/wp\/v2\/media?parent=1040931"}],"curies":[{"name":"wp","href":"https:\/\/api.w.org\/{rel}","templated":true}]}}